{"id":15,"date":"2022-09-21T23:36:17","date_gmt":"2022-09-21T23:36:17","guid":{"rendered":"https:\/\/pruebas.fideselectronica.com\/?page_id=15"},"modified":"2023-10-17T00:03:11","modified_gmt":"2023-10-17T00:03:11","slug":"desarrollo","status":"publish","type":"page","link":"https:\/\/pruebas.fideselectronica.com\/es\/desarrollo\/","title":{"rendered":"DESARROLLO"},"content":{"rendered":"<div data-elementor-type=\"wp-page\" data-elementor-id=\"15\" class=\"elementor elementor-15\" data-elementor-post-type=\"page\">\n\t\t\t\t\t\t<section class=\"elementor-section elementor-top-section elementor-element elementor-element-1bd3793 elementor-section-boxed elementor-section-height-default elementor-section-height-default\" data-id=\"1bd3793\" data-element_type=\"section\" data-settings=\"{&quot;background_background&quot;:&quot;classic&quot;}\">\n\t\t\t\t\t\t<div class=\"elementor-container elementor-column-gap-default\">\n\t\t\t\t\t<div class=\"elementor-column elementor-col-100 elementor-top-column elementor-element elementor-element-b6ab1cb\" data-id=\"b6ab1cb\" data-element_type=\"column\">\n\t\t\t<div class=\"elementor-widget-wrap elementor-element-populated\">\n\t\t\t\t\t\t<div class=\"elementor-element elementor-element-f5fe74b elementor-widget elementor-widget-heading\" data-id=\"f5fe74b\" data-element_type=\"widget\" data-widget_type=\"heading.default\">\n\t\t\t\t<div class=\"elementor-widget-container\">\n\t\t\t\t\t<h2 class=\"elementor-heading-title elementor-size-default\">\/ DESARROLLO<\/h2>\t\t\t\t<\/div>\n\t\t\t\t<\/div>\n\t\t\t\t\t<\/div>\n\t\t<\/div>\n\t\t\t\t\t<\/div>\n\t\t<\/section>\n\t\t\t\t<section class=\"elementor-section elementor-top-section elementor-element elementor-element-6ca96c8 elementor-section-boxed elementor-section-height-default elementor-section-height-default\" data-id=\"6ca96c8\" data-element_type=\"section\" data-settings=\"{&quot;background_background&quot;:&quot;classic&quot;}\">\n\t\t\t\t\t\t<div class=\"elementor-container elementor-column-gap-default\">\n\t\t\t\t\t<div class=\"elementor-column elementor-col-50 elementor-top-column elementor-element elementor-element-b342178\" data-id=\"b342178\" data-element_type=\"column\">\n\t\t\t<div class=\"elementor-widget-wrap elementor-element-populated\">\n\t\t\t\t\t\t<div class=\"elementor-element elementor-element-3b2a1fc elementor-widget elementor-widget-image\" data-id=\"3b2a1fc\" data-element_type=\"widget\" data-widget_type=\"image.default\">\n\t\t\t\t<div class=\"elementor-widget-container\">\n\t\t\t\t\t\t\t\t\t\t\t\t\t\t\t<img fetchpriority=\"high\" decoding=\"async\" width=\"770\" height=\"359\" src=\"https:\/\/pruebas.fideselectronica.com\/wp-content\/uploads\/2022\/11\/shutterstock_1719265579.jpg\" class=\"attachment-large size-large wp-image-859\" alt=\"\" srcset=\"https:\/\/pruebas.fideselectronica.com\/wp-content\/uploads\/2022\/11\/shutterstock_1719265579.jpg 770w, https:\/\/pruebas.fideselectronica.com\/wp-content\/uploads\/2022\/11\/shutterstock_1719265579-300x140.jpg 300w, https:\/\/pruebas.fideselectronica.com\/wp-content\/uploads\/2022\/11\/shutterstock_1719265579-768x358.jpg 768w\" sizes=\"(max-width: 770px) 100vw, 770px\" \/>\t\t\t\t\t\t\t\t\t\t\t\t\t\t\t<\/div>\n\t\t\t\t<\/div>\n\t\t\t\t<div class=\"elementor-element elementor-element-48a0738 elementor-widget elementor-widget-heading\" data-id=\"48a0738\" data-element_type=\"widget\" data-widget_type=\"heading.default\">\n\t\t\t\t<div class=\"elementor-widget-container\">\n\t\t\t\t\t<h2 class=\"elementor-heading-title elementor-size-default\">INVERSOR<\/h2>\t\t\t\t<\/div>\n\t\t\t\t<\/div>\n\t\t\t\t<div class=\"elementor-element elementor-element-105c08c elementor-widget elementor-widget-text-editor\" data-id=\"105c08c\" data-element_type=\"widget\" data-widget_type=\"text-editor.default\">\n\t\t\t\t<div class=\"elementor-widget-container\">\n\t\t\t\t\t\t\t\t\t<p>Control de potencia y par altamente eficiente para motores BLDC y PMSM, con tecnolog\u00eda sensorless, algoritmo FOC y funci\u00f3n de debilitamiento de campo (Field Weakening). Con m\u00e1s de 30 a\u00f1os de experiencia en el dise\u00f1o y la fabricaci\u00f3n de inversores personalizados, te ofrecemos la soluci\u00f3n perfecta para tus aplicaciones.<\/p>\t\t\t\t\t\t\t\t<\/div>\n\t\t\t\t<\/div>\n\t\t\t\t\t<\/div>\n\t\t<\/div>\n\t\t\t\t<div class=\"elementor-column elementor-col-50 elementor-top-column elementor-element elementor-element-98083b8\" data-id=\"98083b8\" data-element_type=\"column\">\n\t\t\t<div class=\"elementor-widget-wrap elementor-element-populated\">\n\t\t\t\t\t\t<div class=\"elementor-element elementor-element-2867534 elementor-widget elementor-widget-image\" data-id=\"2867534\" data-element_type=\"widget\" data-widget_type=\"image.default\">\n\t\t\t\t<div class=\"elementor-widget-container\">\n\t\t\t\t\t\t\t\t\t\t\t\t\t\t\t<img decoding=\"async\" width=\"770\" height=\"359\" src=\"https:\/\/pruebas.fideselectronica.com\/wp-content\/uploads\/2023\/03\/user-interface-2.jpg\" class=\"attachment-large size-large wp-image-2162\" alt=\"\" srcset=\"https:\/\/pruebas.fideselectronica.com\/wp-content\/uploads\/2023\/03\/user-interface-2.jpg 770w, https:\/\/pruebas.fideselectronica.com\/wp-content\/uploads\/2023\/03\/user-interface-2-300x140.jpg 300w, https:\/\/pruebas.fideselectronica.com\/wp-content\/uploads\/2023\/03\/user-interface-2-768x358.jpg 768w\" sizes=\"(max-width: 770px) 100vw, 770px\" \/>\t\t\t\t\t\t\t\t\t\t\t\t\t\t\t<\/div>\n\t\t\t\t<\/div>\n\t\t\t\t<div class=\"elementor-element elementor-element-20702d2 elementor-widget elementor-widget-heading\" data-id=\"20702d2\" data-element_type=\"widget\" data-widget_type=\"heading.default\">\n\t\t\t\t<div class=\"elementor-widget-container\">\n\t\t\t\t\t<h2 class=\"elementor-heading-title elementor-size-default\">INTERFAZ DE USUARIO<\/h2>\t\t\t\t<\/div>\n\t\t\t\t<\/div>\n\t\t\t\t<div class=\"elementor-element elementor-element-7fd45ee elementor-widget elementor-widget-text-editor\" data-id=\"7fd45ee\" data-element_type=\"widget\" data-widget_type=\"text-editor.default\">\n\t\t\t\t<div class=\"elementor-widget-container\">\n\t\t\t\t\t\t\t\t\t<p>Con la experiencia de varios millones de unidades producidas de interfaces de usuario (HMI), tambi\u00e9n podemos dise\u00f1ar y producir r\u00e1pidamente el panel de interfaz que desee, desde peque\u00f1as pantallas de 7 segmentos hasta grandes pantallas TFT con diferentes arquitecturas de control, m\u00f3dulos de comunicaci\u00f3n y diversas tecnolog\u00edas t\u00e1ctiles integradas.<\/p>\t\t\t\t\t\t\t\t<\/div>\n\t\t\t\t<\/div>\n\t\t\t\t\t<\/div>\n\t\t<\/div>\n\t\t\t\t\t<\/div>\n\t\t<\/section>\n\t\t\t\t<section class=\"elementor-section elementor-top-section elementor-element elementor-element-2253e21 elementor-section-boxed elementor-section-height-default elementor-section-height-default\" data-id=\"2253e21\" data-element_type=\"section\" data-settings=\"{&quot;background_background&quot;:&quot;classic&quot;}\">\n\t\t\t\t\t\t<div class=\"elementor-container elementor-column-gap-default\">\n\t\t\t\t\t<div class=\"elementor-column elementor-col-50 elementor-top-column elementor-element elementor-element-18b8568\" data-id=\"18b8568\" data-element_type=\"column\">\n\t\t\t<div class=\"elementor-widget-wrap elementor-element-populated\">\n\t\t\t\t\t\t<div class=\"elementor-element elementor-element-b1aba9c elementor-widget elementor-widget-image\" data-id=\"b1aba9c\" data-element_type=\"widget\" data-widget_type=\"image.default\">\n\t\t\t\t<div class=\"elementor-widget-container\">\n\t\t\t\t\t\t\t\t\t\t\t\t\t\t\t<img decoding=\"async\" width=\"770\" height=\"359\" src=\"https:\/\/pruebas.fideselectronica.com\/wp-content\/uploads\/2022\/11\/shutterstock_1901808904.jpg\" class=\"attachment-large size-large wp-image-861\" alt=\"\" srcset=\"https:\/\/pruebas.fideselectronica.com\/wp-content\/uploads\/2022\/11\/shutterstock_1901808904.jpg 770w, https:\/\/pruebas.fideselectronica.com\/wp-content\/uploads\/2022\/11\/shutterstock_1901808904-300x140.jpg 300w, https:\/\/pruebas.fideselectronica.com\/wp-content\/uploads\/2022\/11\/shutterstock_1901808904-768x358.jpg 768w\" sizes=\"(max-width: 770px) 100vw, 770px\" \/>\t\t\t\t\t\t\t\t\t\t\t\t\t\t\t<\/div>\n\t\t\t\t<\/div>\n\t\t\t\t<div class=\"elementor-element elementor-element-ef37f08 elementor-widget elementor-widget-heading\" data-id=\"ef37f08\" data-element_type=\"widget\" data-widget_type=\"heading.default\">\n\t\t\t\t<div class=\"elementor-widget-container\">\n\t\t\t\t\t<h2 class=\"elementor-heading-title elementor-size-default\">ELECTR\u00d3NICA DE POTENCIA<\/h2>\t\t\t\t<\/div>\n\t\t\t\t<\/div>\n\t\t\t\t<div class=\"elementor-element elementor-element-047fc2b elementor-widget elementor-widget-text-editor\" data-id=\"047fc2b\" data-element_type=\"widget\" data-widget_type=\"text-editor.default\">\n\t\t\t\t<div class=\"elementor-widget-container\">\n\t\t\t\t\t\t\t\t\t<p>M\u00e1s de 20 a\u00f1os de experiencia y continuos avances nos permiten conseguir el funcionamiento en espera m\u00e1s eficiente, reduciendo el consumo de energ\u00eda por debajo de 100 milivatios.<\/p>\t\t\t\t\t\t\t\t<\/div>\n\t\t\t\t<\/div>\n\t\t\t\t\t<\/div>\n\t\t<\/div>\n\t\t\t\t<div class=\"elementor-column elementor-col-50 elementor-top-column elementor-element elementor-element-6d8b770\" data-id=\"6d8b770\" data-element_type=\"column\">\n\t\t\t<div class=\"elementor-widget-wrap elementor-element-populated\">\n\t\t\t\t\t\t<div class=\"elementor-element elementor-element-0dc5fb8 elementor-widget elementor-widget-image\" data-id=\"0dc5fb8\" data-element_type=\"widget\" data-widget_type=\"image.default\">\n\t\t\t\t<div class=\"elementor-widget-container\">\n\t\t\t\t\t\t\t\t\t\t\t\t\t\t\t<img loading=\"lazy\" decoding=\"async\" width=\"770\" height=\"359\" src=\"https:\/\/pruebas.fideselectronica.com\/wp-content\/uploads\/2022\/11\/shutterstock_1976442926.jpg\" class=\"attachment-large size-large wp-image-862\" alt=\"\" srcset=\"https:\/\/pruebas.fideselectronica.com\/wp-content\/uploads\/2022\/11\/shutterstock_1976442926.jpg 770w, https:\/\/pruebas.fideselectronica.com\/wp-content\/uploads\/2022\/11\/shutterstock_1976442926-300x140.jpg 300w, https:\/\/pruebas.fideselectronica.com\/wp-content\/uploads\/2022\/11\/shutterstock_1976442926-768x358.jpg 768w\" sizes=\"(max-width: 770px) 100vw, 770px\" \/>\t\t\t\t\t\t\t\t\t\t\t\t\t\t\t<\/div>\n\t\t\t\t<\/div>\n\t\t\t\t<div class=\"elementor-element elementor-element-a6a6f90 elementor-widget elementor-widget-heading\" data-id=\"a6a6f90\" data-element_type=\"widget\" data-widget_type=\"heading.default\">\n\t\t\t\t<div class=\"elementor-widget-container\">\n\t\t\t\t\t<h2 class=\"elementor-heading-title elementor-size-default\">GESTI\u00d3N DE LA BATER\u00cdA<\/h2>\t\t\t\t<\/div>\n\t\t\t\t<\/div>\n\t\t\t\t<div class=\"elementor-element elementor-element-19efe16 elementor-widget elementor-widget-text-editor\" data-id=\"19efe16\" data-element_type=\"widget\" data-widget_type=\"text-editor.default\">\n\t\t\t\t<div class=\"elementor-widget-container\">\n\t\t\t\t\t\t\t\t\t<p>Con una amplia experiencia en el desarrollo y fabricaci\u00f3n de unidades de control electr\u00f3nico, hemos dise\u00f1ado una plataforma avanzada para sistemas de gesti\u00f3n de bater\u00edas (BMS), concebida para cumplir con los m\u00e1s altos niveles de seguridad funcional (SIL).<\/p>\t\t\t\t\t\t\t\t<\/div>\n\t\t\t\t<\/div>\n\t\t\t\t\t<\/div>\n\t\t<\/div>\n\t\t\t\t\t<\/div>\n\t\t<\/section>\n\t\t\t\t<\/div>","protected":false},"excerpt":{"rendered":"<p>\/ DEVELOPMENT INVERTER Highly efficient power and torque control of BLDC and PMSM motors, with sensorless and FOC algorithm and Field Weakening features. With more than 30 years of experience in design and production of customized inverters, we provide you with the perfect solution for your applications. USER INTERFACE With the experience of several million [&hellip;]<\/p>","protected":false},"author":1,"featured_media":0,"parent":0,"menu_order":0,"comment_status":"closed","ping_status":"closed","template":"elementor_header_footer","meta":{"content-type":"","site-sidebar-layout":"no-sidebar","site-content-layout":"page-builder","ast-site-content-layout":"","site-content-style":"default","site-sidebar-style":"default","ast-global-header-display":"","ast-banner-title-visibility":"","ast-main-header-display":"","ast-hfb-above-header-display":"","ast-hfb-below-header-display":"","ast-hfb-mobile-header-display":"","site-post-title":"disabled","ast-breadcrumbs-content":"","ast-featured-img":"disabled","footer-sml-layout":"","theme-transparent-header-meta":"default","adv-header-id-meta":"","stick-header-meta":"","header-above-stick-meta":"","header-main-stick-meta":"","header-below-stick-meta":"","astra-migrate-meta-layouts":"default","ast-page-background-enabled":"default","ast-page-background-meta":{"desktop":{"background-color":"var(--ast-global-color-4)","background-image":"","background-repeat":"repeat","background-position":"center center","background-size":"auto","background-attachment":"scroll","background-type":"","background-media":"","overlay-type":"","overlay-color":"","overlay-opacity":"","overlay-gradient":""},"tablet":{"background-color":"","background-image":"","background-repeat":"repeat","background-position":"center center","background-size":"auto","background-attachment":"scroll","background-type":"","background-media":"","overlay-type":"","overlay-color":"","overlay-opacity":"","overlay-gradient":""},"mobile":{"background-color":"","background-image":"","background-repeat":"repeat","background-position":"center center","background-size":"auto","background-attachment":"scroll","background-type":"","background-media":"","overlay-type":"","overlay-color":"","overlay-opacity":"","overlay-gradient":""}},"ast-content-background-meta":{"desktop":{"background-color":"var(--ast-global-color-5)","background-image":"","background-repeat":"repeat","background-position":"center center","background-size":"auto","background-attachment":"scroll","background-type":"","background-media":"","overlay-type":"","overlay-color":"","overlay-opacity":"","overlay-gradient":""},"tablet":{"background-color":"var(--ast-global-color-5)","background-image":"","background-repeat":"repeat","background-position":"center center","background-size":"auto","background-attachment":"scroll","background-type":"","background-media":"","overlay-type":"","overlay-color":"","overlay-opacity":"","overlay-gradient":""},"mobile":{"background-color":"var(--ast-global-color-5)","background-image":"","background-repeat":"repeat","background-position":"center center","background-size":"auto","background-attachment":"scroll","background-type":"","background-media":"","overlay-type":"","overlay-color":"","overlay-opacity":"","overlay-gradient":""}},"_joinchat":[],"footnotes":""},"class_list":["post-15","page","type-page","status-publish","hentry"],"yoast_head":"<!-- This site is optimized with the Yoast SEO plugin v24.6 - https:\/\/yoast.com\/wordpress\/plugins\/seo\/ -->\n<title>DEVELOPMENT - Fides Electronica<\/title>\n<meta name=\"description\" content=\"More than 20 years of experience and continuous advancement enable us to realize the most efficient standby operation reducing energy consumption below 100 milliwatts. POWER ELECTRONICS\" \/>\n<meta name=\"robots\" content=\"noindex, follow, max-snippet:-1, max-image-preview:large, max-video-preview:-1\" \/>\n<meta property=\"og:locale\" content=\"es_ES\" \/>\n<meta property=\"og:type\" content=\"article\" \/>\n<meta property=\"og:title\" content=\"DEVELOPMENT - Fides Electronica\" \/>\n<meta property=\"og:description\" content=\"More than 20 years of experience and continuous advancement enable us to realize the most efficient standby operation reducing energy consumption below 100 milliwatts. POWER ELECTRONICS\" \/>\n<meta property=\"og:url\" content=\"https:\/\/pruebas.fideselectronica.com\/es\/desarrollo\/\" \/>\n<meta property=\"og:site_name\" content=\"Fides Electronica\" \/>\n<meta property=\"article:modified_time\" content=\"2023-10-17T00:03:11+00:00\" \/>\n<meta property=\"og:image\" content=\"https:\/\/pruebas.fideselectronica.com\/wp-content\/uploads\/2022\/11\/shutterstock_1719265579.jpg\" \/>\n<meta name=\"twitter:card\" content=\"summary_large_image\" \/>\n<meta name=\"twitter:label1\" content=\"Tiempo de lectura\" \/>\n\t<meta name=\"twitter:data1\" content=\"2 minutos\" \/>\n<script type=\"application\/ld+json\" class=\"yoast-schema-graph\">{\"@context\":\"https:\/\/schema.org\",\"@graph\":[{\"@type\":\"WebPage\",\"@id\":\"https:\/\/pruebas.fideselectronica.com\/development\/\",\"url\":\"https:\/\/pruebas.fideselectronica.com\/development\/\",\"name\":\"DEVELOPMENT - Fides Electronica\",\"isPartOf\":{\"@id\":\"https:\/\/pruebas.fideselectronica.com\/#website\"},\"primaryImageOfPage\":{\"@id\":\"https:\/\/pruebas.fideselectronica.com\/development\/#primaryimage\"},\"image\":{\"@id\":\"https:\/\/pruebas.fideselectronica.com\/development\/#primaryimage\"},\"thumbnailUrl\":\"https:\/\/pruebas.fideselectronica.com\/wp-content\/uploads\/2022\/11\/shutterstock_1719265579.jpg\",\"datePublished\":\"2022-09-21T23:36:17+00:00\",\"dateModified\":\"2023-10-17T00:03:11+00:00\",\"description\":\"More than 20 years of experience and continuous advancement enable us to realize the most efficient standby operation reducing energy consumption below 100 milliwatts. POWER ELECTRONICS\",\"breadcrumb\":{\"@id\":\"https:\/\/pruebas.fideselectronica.com\/development\/#breadcrumb\"},\"inLanguage\":\"es\",\"potentialAction\":[{\"@type\":\"ReadAction\",\"target\":[\"https:\/\/pruebas.fideselectronica.com\/development\/\"]}]},{\"@type\":\"ImageObject\",\"inLanguage\":\"es\",\"@id\":\"https:\/\/pruebas.fideselectronica.com\/development\/#primaryimage\",\"url\":\"https:\/\/pruebas.fideselectronica.com\/wp-content\/uploads\/2022\/11\/shutterstock_1719265579.jpg\",\"contentUrl\":\"https:\/\/pruebas.fideselectronica.com\/wp-content\/uploads\/2022\/11\/shutterstock_1719265579.jpg\"},{\"@type\":\"BreadcrumbList\",\"@id\":\"https:\/\/pruebas.fideselectronica.com\/development\/#breadcrumb\",\"itemListElement\":[{\"@type\":\"ListItem\",\"position\":1,\"name\":\"Home\",\"item\":\"https:\/\/pruebas.fideselectronica.com\/\"},{\"@type\":\"ListItem\",\"position\":2,\"name\":\"DEVELOPMENT\"}]},{\"@type\":\"WebSite\",\"@id\":\"https:\/\/pruebas.fideselectronica.com\/#website\",\"url\":\"https:\/\/pruebas.fideselectronica.com\/\",\"name\":\"Fides Electronica\",\"description\":\"\",\"publisher\":{\"@id\":\"https:\/\/pruebas.fideselectronica.com\/#organization\"},\"potentialAction\":[{\"@type\":\"SearchAction\",\"target\":{\"@type\":\"EntryPoint\",\"urlTemplate\":\"https:\/\/pruebas.fideselectronica.com\/?s={search_term_string}\"},\"query-input\":{\"@type\":\"PropertyValueSpecification\",\"valueRequired\":true,\"valueName\":\"search_term_string\"}}],\"inLanguage\":\"es\"},{\"@type\":\"Organization\",\"@id\":\"https:\/\/pruebas.fideselectronica.com\/#organization\",\"name\":\"Fides Electronica\",\"url\":\"https:\/\/pruebas.fideselectronica.com\/\",\"logo\":{\"@type\":\"ImageObject\",\"inLanguage\":\"es\",\"@id\":\"https:\/\/pruebas.fideselectronica.com\/#\/schema\/logo\/image\/\",\"url\":\"https:\/\/pruebas.fideselectronica.com\/wp-content\/uploads\/2022\/09\/logo-color.png\",\"contentUrl\":\"https:\/\/pruebas.fideselectronica.com\/wp-content\/uploads\/2022\/09\/logo-color.png\",\"width\":167,\"height\":52,\"caption\":\"Fides Electronica\"},\"image\":{\"@id\":\"https:\/\/pruebas.fideselectronica.com\/#\/schema\/logo\/image\/\"}}]}<\/script>\n<!-- \/ Yoast SEO plugin. -->","yoast_head_json":{"title":"DEVELOPMENT - Fides Electronica","description":"More than 20 years of experience and continuous advancement enable us to realize the most efficient standby operation reducing energy consumption below 100 milliwatts. POWER ELECTRONICS","robots":{"index":"noindex","follow":"follow","max-snippet":"max-snippet:-1","max-image-preview":"max-image-preview:large","max-video-preview":"max-video-preview:-1"},"og_locale":"es_ES","og_type":"article","og_title":"DEVELOPMENT - Fides Electronica","og_description":"More than 20 years of experience and continuous advancement enable us to realize the most efficient standby operation reducing energy consumption below 100 milliwatts. POWER ELECTRONICS","og_url":"https:\/\/pruebas.fideselectronica.com\/es\/desarrollo\/","og_site_name":"Fides Electronica","article_modified_time":"2023-10-17T00:03:11+00:00","og_image":[{"url":"https:\/\/pruebas.fideselectronica.com\/wp-content\/uploads\/2022\/11\/shutterstock_1719265579.jpg","type":"","width":"","height":""}],"twitter_card":"summary_large_image","twitter_misc":{"Tiempo de lectura":"2 minutos"},"schema":{"@context":"https:\/\/schema.org","@graph":[{"@type":"WebPage","@id":"https:\/\/pruebas.fideselectronica.com\/development\/","url":"https:\/\/pruebas.fideselectronica.com\/development\/","name":"DEVELOPMENT - Fides Electronica","isPartOf":{"@id":"https:\/\/pruebas.fideselectronica.com\/#website"},"primaryImageOfPage":{"@id":"https:\/\/pruebas.fideselectronica.com\/development\/#primaryimage"},"image":{"@id":"https:\/\/pruebas.fideselectronica.com\/development\/#primaryimage"},"thumbnailUrl":"https:\/\/pruebas.fideselectronica.com\/wp-content\/uploads\/2022\/11\/shutterstock_1719265579.jpg","datePublished":"2022-09-21T23:36:17+00:00","dateModified":"2023-10-17T00:03:11+00:00","description":"More than 20 years of experience and continuous advancement enable us to realize the most efficient standby operation reducing energy consumption below 100 milliwatts. POWER ELECTRONICS","breadcrumb":{"@id":"https:\/\/pruebas.fideselectronica.com\/development\/#breadcrumb"},"inLanguage":"es","potentialAction":[{"@type":"ReadAction","target":["https:\/\/pruebas.fideselectronica.com\/development\/"]}]},{"@type":"ImageObject","inLanguage":"es","@id":"https:\/\/pruebas.fideselectronica.com\/development\/#primaryimage","url":"https:\/\/pruebas.fideselectronica.com\/wp-content\/uploads\/2022\/11\/shutterstock_1719265579.jpg","contentUrl":"https:\/\/pruebas.fideselectronica.com\/wp-content\/uploads\/2022\/11\/shutterstock_1719265579.jpg"},{"@type":"BreadcrumbList","@id":"https:\/\/pruebas.fideselectronica.com\/development\/#breadcrumb","itemListElement":[{"@type":"ListItem","position":1,"name":"Home","item":"https:\/\/pruebas.fideselectronica.com\/"},{"@type":"ListItem","position":2,"name":"DEVELOPMENT"}]},{"@type":"WebSite","@id":"https:\/\/pruebas.fideselectronica.com\/#website","url":"https:\/\/pruebas.fideselectronica.com\/","name":"Fides Electronica","description":"","publisher":{"@id":"https:\/\/pruebas.fideselectronica.com\/#organization"},"potentialAction":[{"@type":"SearchAction","target":{"@type":"EntryPoint","urlTemplate":"https:\/\/pruebas.fideselectronica.com\/?s={search_term_string}"},"query-input":{"@type":"PropertyValueSpecification","valueRequired":true,"valueName":"search_term_string"}}],"inLanguage":"es"},{"@type":"Organization","@id":"https:\/\/pruebas.fideselectronica.com\/#organization","name":"Fides Electronica","url":"https:\/\/pruebas.fideselectronica.com\/","logo":{"@type":"ImageObject","inLanguage":"es","@id":"https:\/\/pruebas.fideselectronica.com\/#\/schema\/logo\/image\/","url":"https:\/\/pruebas.fideselectronica.com\/wp-content\/uploads\/2022\/09\/logo-color.png","contentUrl":"https:\/\/pruebas.fideselectronica.com\/wp-content\/uploads\/2022\/09\/logo-color.png","width":167,"height":52,"caption":"Fides Electronica"},"image":{"@id":"https:\/\/pruebas.fideselectronica.com\/#\/schema\/logo\/image\/"}}]}},"_links":{"self":[{"href":"https:\/\/pruebas.fideselectronica.com\/es\/wp-json\/wp\/v2\/pages\/15","targetHints":{"allow":["GET"]}}],"collection":[{"href":"https:\/\/pruebas.fideselectronica.com\/es\/wp-json\/wp\/v2\/pages"}],"about":[{"href":"https:\/\/pruebas.fideselectronica.com\/es\/wp-json\/wp\/v2\/types\/page"}],"author":[{"embeddable":true,"href":"https:\/\/pruebas.fideselectronica.com\/es\/wp-json\/wp\/v2\/users\/1"}],"replies":[{"embeddable":true,"href":"https:\/\/pruebas.fideselectronica.com\/es\/wp-json\/wp\/v2\/comments?post=15"}],"version-history":[{"count":45,"href":"https:\/\/pruebas.fideselectronica.com\/es\/wp-json\/wp\/v2\/pages\/15\/revisions"}],"predecessor-version":[{"id":2447,"href":"https:\/\/pruebas.fideselectronica.com\/es\/wp-json\/wp\/v2\/pages\/15\/revisions\/2447"}],"wp:attachment":[{"href":"https:\/\/pruebas.fideselectronica.com\/es\/wp-json\/wp\/v2\/media?parent=15"}],"curies":[{"name":"wp","href":"https:\/\/api.w.org\/{rel}","templated":true}]}}