{"id":1535,"date":"2023-03-09T23:41:21","date_gmt":"2023-03-09T23:41:21","guid":{"rendered":"https:\/\/pruebas.fideselectronica.com\/?page_id=1535"},"modified":"2023-03-27T20:47:47","modified_gmt":"2023-03-27T20:47:47","slug":"i040","status":"publish","type":"page","link":"https:\/\/pruebas.fideselectronica.com\/es\/electrodomesticos-hogar\/i040\/","title":{"rendered":"Mando horno dom\u00e9stico \u2013 EE. UU"},"content":{"rendered":"<div data-elementor-type=\"wp-page\" data-elementor-id=\"1535\" class=\"elementor elementor-1535\" data-elementor-post-type=\"page\">\n\t\t\t\t\t\t<section class=\"elementor-section elementor-top-section elementor-element elementor-element-28026b36 elementor-section-full_width elementor-section-height-default elementor-section-height-default\" data-id=\"28026b36\" data-element_type=\"section\" data-settings=\"{&quot;background_background&quot;:&quot;classic&quot;}\">\n\t\t\t\t\t\t<div class=\"elementor-container elementor-column-gap-default\">\n\t\t\t\t\t<div class=\"elementor-column elementor-col-100 elementor-top-column elementor-element elementor-element-30f3f1f8\" data-id=\"30f3f1f8\" data-element_type=\"column\">\n\t\t\t<div class=\"elementor-widget-wrap elementor-element-populated\">\n\t\t\t\t\t\t<section class=\"elementor-section elementor-inner-section elementor-element elementor-element-5a6f9a2b elementor-section-full_width elementor-section-height-default elementor-section-height-default\" data-id=\"5a6f9a2b\" data-element_type=\"section\">\n\t\t\t\t\t\t<div class=\"elementor-container elementor-column-gap-default\">\n\t\t\t\t\t<div class=\"elementor-column elementor-col-50 elementor-inner-column elementor-element elementor-element-d90ed54\" data-id=\"d90ed54\" data-element_type=\"column\" data-settings=\"{&quot;background_background&quot;:&quot;classic&quot;}\">\n\t\t\t<div class=\"elementor-widget-wrap elementor-element-populated\">\n\t\t\t\t\t\t<div class=\"elementor-element elementor-element-5eaa74cd elementor-widget elementor-widget-heading\" data-id=\"5eaa74cd\" data-element_type=\"widget\" data-widget_type=\"heading.default\">\n\t\t\t\t<div class=\"elementor-widget-container\">\n\t\t\t\t\t<h2 class=\"elementor-heading-title elementor-size-default\">ELECTRODOM\u00c9STICOS PARA EL HOGAR<\/h2>\t\t\t\t<\/div>\n\t\t\t\t<\/div>\n\t\t\t\t<div class=\"elementor-element elementor-element-2b507417 elementor-widget elementor-widget-heading\" data-id=\"2b507417\" data-element_type=\"widget\" data-widget_type=\"heading.default\">\n\t\t\t\t<div class=\"elementor-widget-container\">\n\t\t\t\t\t<h2 class=\"elementor-heading-title elementor-size-default\">Electrodom\u00e9sticos para el hogar<br> y uso comercial<\/h2>\t\t\t\t<\/div>\n\t\t\t\t<\/div>\n\t\t\t\t\t<\/div>\n\t\t<\/div>\n\t\t\t\t<div class=\"elementor-column elementor-col-50 elementor-inner-column elementor-element elementor-element-cc82258\" data-id=\"cc82258\" data-element_type=\"column\">\n\t\t\t<div class=\"elementor-widget-wrap\">\n\t\t\t\t\t\t\t<\/div>\n\t\t<\/div>\n\t\t\t\t\t<\/div>\n\t\t<\/section>\n\t\t\t\t\t<\/div>\n\t\t<\/div>\n\t\t\t\t\t<\/div>\n\t\t<\/section>\n\t\t\t\t<section class=\"elementor-section elementor-top-section elementor-element elementor-element-34e89bd3 elementor-section-boxed elementor-section-height-default elementor-section-height-default\" data-id=\"34e89bd3\" data-element_type=\"section\" data-settings=\"{&quot;background_background&quot;:&quot;classic&quot;}\">\n\t\t\t\t\t\t<div class=\"elementor-container elementor-column-gap-default\">\n\t\t\t\t\t<div class=\"elementor-column elementor-col-100 elementor-top-column elementor-element elementor-element-3bc113f1\" data-id=\"3bc113f1\" data-element_type=\"column\">\n\t\t\t<div class=\"elementor-widget-wrap elementor-element-populated\">\n\t\t\t\t\t\t<div class=\"elementor-element elementor-element-476003f3 elementor-widget elementor-widget-breadcrumbs\" data-id=\"476003f3\" data-element_type=\"widget\" data-widget_type=\"breadcrumbs.default\">\n\t\t\t\t<div class=\"elementor-widget-container\">\n\t\t\t\t\t<p id=\"breadcrumbs\">\t\/\n<span><span><a href=\"https:\/\/pruebas.fideselectronica.com\/es\/\">Inicio<\/a><\/span><\/span><\/p>\t\t\t\t<\/div>\n\t\t\t\t<\/div>\n\t\t\t\t\t<\/div>\n\t\t<\/div>\n\t\t\t\t\t<\/div>\n\t\t<\/section>\n\t\t\t\t<section class=\"elementor-section elementor-top-section elementor-element elementor-element-1f1e40df elementor-section-boxed elementor-section-height-default elementor-section-height-default\" data-id=\"1f1e40df\" data-element_type=\"section\" data-settings=\"{&quot;background_background&quot;:&quot;classic&quot;}\">\n\t\t\t\t\t\t<div class=\"elementor-container elementor-column-gap-default\">\n\t\t\t\t\t<div class=\"elementor-column elementor-col-100 elementor-top-column elementor-element elementor-element-272433a5\" data-id=\"272433a5\" data-element_type=\"column\">\n\t\t\t<div class=\"elementor-widget-wrap elementor-element-populated\">\n\t\t\t\t\t\t<section class=\"elementor-section elementor-inner-section elementor-element elementor-element-57985752 elementor-section-boxed elementor-section-height-default elementor-section-height-default\" data-id=\"57985752\" data-element_type=\"section\">\n\t\t\t\t\t\t<div class=\"elementor-container elementor-column-gap-default\">\n\t\t\t\t\t<div class=\"elementor-column elementor-col-50 elementor-inner-column elementor-element elementor-element-7d15d38d\" data-id=\"7d15d38d\" data-element_type=\"column\" data-settings=\"{&quot;background_background&quot;:&quot;classic&quot;}\">\n\t\t\t<div class=\"elementor-widget-wrap elementor-element-populated\">\n\t\t\t\t\t\t<div class=\"elementor-element elementor-element-4f8f37b4 elementor-widget elementor-widget-heading\" data-id=\"4f8f37b4\" data-element_type=\"widget\" data-widget_type=\"heading.default\">\n\t\t\t\t<div class=\"elementor-widget-container\">\n\t\t\t\t\t<h2 class=\"elementor-heading-title elementor-size-default\">Control electr\u00f3nico para horno dom\u00e9stico<\/h2>\t\t\t\t<\/div>\n\t\t\t\t<\/div>\n\t\t\t\t<div class=\"elementor-element elementor-element-52dc7dbd elementor-widget elementor-widget-text-editor\" data-id=\"52dc7dbd\" data-element_type=\"widget\" data-widget_type=\"text-editor.default\">\n\t\t\t\t<div class=\"elementor-widget-container\">\n\t\t\t\t\t\t\t\t\t<p>Sistema de control para hornos dom\u00e9sticos dise\u00f1ado para el mercado estadounidense (cumple normativa UL). Permite un control electr\u00f3nico completo del horno, incluida una HMI externa. El driver gestiona todas las cargas del horno (ventiladores, resistencias, generador de vapor, luces, etc.). Parametrizaci\u00f3n de temperatura sencilla.<\/p>\t\t\t\t\t\t\t\t<\/div>\n\t\t\t\t<\/div>\n\t\t\t\t\t<\/div>\n\t\t<\/div>\n\t\t\t\t<div class=\"elementor-column elementor-col-50 elementor-inner-column elementor-element elementor-element-3f8793fb\" data-id=\"3f8793fb\" data-element_type=\"column\">\n\t\t\t<div class=\"elementor-widget-wrap elementor-element-populated\">\n\t\t\t\t\t\t<div class=\"elementor-element elementor-element-2000fd13 elementor--h-position-center elementor--v-position-middle elementor-arrows-position-inside elementor-pagination-position-inside elementor-widget elementor-widget-slides\" data-id=\"2000fd13\" data-element_type=\"widget\" data-settings=\"{&quot;navigation&quot;:&quot;both&quot;,&quot;autoplay&quot;:&quot;yes&quot;,&quot;pause_on_hover&quot;:&quot;yes&quot;,&quot;pause_on_interaction&quot;:&quot;yes&quot;,&quot;autoplay_speed&quot;:5000,&quot;infinite&quot;:&quot;yes&quot;,&quot;transition&quot;:&quot;slide&quot;,&quot;transition_speed&quot;:500}\" data-widget_type=\"slides.default\">\n\t\t\t\t<div class=\"elementor-widget-container\">\n\t\t\t\t\t\t\t\t\t<div class=\"elementor-swiper\">\n\t\t\t\t\t<div class=\"elementor-slides-wrapper elementor-main-swiper swiper\" role=\"region\" aria-roledescription=\"carousel\" aria-label=\"Diapositivas\" dir=\"ltr\" data-animation=\"fadeInUp\">\n\t\t\t\t<div class=\"swiper-wrapper elementor-slides\">\n\t\t\t\t\t\t\t\t\t\t<div class=\"elementor-repeater-item-93bbc4c swiper-slide\" role=\"group\" aria-roledescription=\"slide\"><div class=\"swiper-slide-bg\" role=\"img\"><\/div><div class=\"swiper-slide-inner\" ><div class=\"swiper-slide-contents\"><\/div><\/div><\/div>\t\t\t\t<\/div>\n\t\t\t\t\t\t\t<\/div>\n\t\t\t\t<\/div>\n\t\t\t\t\t\t\t\t<\/div>\n\t\t\t\t<\/div>\n\t\t\t\t\t<\/div>\n\t\t<\/div>\n\t\t\t\t\t<\/div>\n\t\t<\/section>\n\t\t\t\t\t<\/div>\n\t\t<\/div>\n\t\t\t\t\t<\/div>\n\t\t<\/section>\n\t\t\t\t<\/div>","protected":false},"excerpt":{"rendered":"<p>Soluciones de control de horno domestico para el mercado de EE.\u202fUU., con gesti\u00f3n total de cargas, HMI externa y parametrizaci\u00f3n de temperatura.<\/p>","protected":false},"author":1,"featured_media":0,"parent":224,"menu_order":0,"comment_status":"closed","ping_status":"closed","template":"elementor_header_footer","meta":{"content-type":"","site-sidebar-layout":"no-sidebar","site-content-layout":"page-builder","ast-site-content-layout":"","site-content-style":"default","site-sidebar-style":"default","ast-global-header-display":"","ast-banner-title-visibility":"","ast-main-header-display":"","ast-hfb-above-header-display":"","ast-hfb-below-header-display":"","ast-hfb-mobile-header-display":"","site-post-title":"disabled","ast-breadcrumbs-content":"","ast-featured-img":"disabled","footer-sml-layout":"","theme-transparent-header-meta":"default","adv-header-id-meta":"","stick-header-meta":"","header-above-stick-meta":"","header-main-stick-meta":"","header-below-stick-meta":"","astra-migrate-meta-layouts":"default","ast-page-background-enabled":"default","ast-page-background-meta":{"desktop":{"background-color":"var(--ast-global-color-4)","background-image":"","background-repeat":"repeat","background-position":"center center","background-size":"auto","background-attachment":"scroll","background-type":"","background-media":"","overlay-type":"","overlay-color":"","overlay-opacity":"","overlay-gradient":""},"tablet":{"background-color":"","background-image":"","background-repeat":"repeat","background-position":"center center","background-size":"auto","background-attachment":"scroll","background-type":"","background-media":"","overlay-type":"","overlay-color":"","overlay-opacity":"","overlay-gradient":""},"mobile":{"background-color":"","background-image":"","background-repeat":"repeat","background-position":"center center","background-size":"auto","background-attachment":"scroll","background-type":"","background-media":"","overlay-type":"","overlay-color":"","overlay-opacity":"","overlay-gradient":""}},"ast-content-background-meta":{"desktop":{"background-color":"var(--ast-global-color-5)","background-image":"","background-repeat":"repeat","background-position":"center center","background-size":"auto","background-attachment":"scroll","background-type":"","background-media":"","overlay-type":"","overlay-color":"","overlay-opacity":"","overlay-gradient":""},"tablet":{"background-color":"var(--ast-global-color-5)","background-image":"","background-repeat":"repeat","background-position":"center center","background-size":"auto","background-attachment":"scroll","background-type":"","background-media":"","overlay-type":"","overlay-color":"","overlay-opacity":"","overlay-gradient":""},"mobile":{"background-color":"var(--ast-global-color-5)","background-image":"","background-repeat":"repeat","background-position":"center center","background-size":"auto","background-attachment":"scroll","background-type":"","background-media":"","overlay-type":"","overlay-color":"","overlay-opacity":"","overlay-gradient":""}},"_joinchat":[],"footnotes":""},"class_list":["post-1535","page","type-page","status-publish","hentry"],"yoast_head":"<!-- This site is optimized with the Yoast SEO plugin v24.6 - https:\/\/yoast.com\/wordpress\/plugins\/seo\/ -->\n<title>Domestic oven control -USA- Fides Electronica<\/title>\n<meta name=\"robots\" content=\"noindex, follow, max-snippet:-1, max-image-preview:large, max-video-preview:-1\" \/>\n<meta property=\"og:locale\" content=\"es_ES\" \/>\n<meta property=\"og:type\" content=\"article\" \/>\n<meta property=\"og:title\" content=\"Domestic oven control -USA- Fides Electronica\" \/>\n<meta property=\"og:description\" content=\"HOME APPLIANCE elements for home and commercial use. Domestic oven control Domestic oven control for US market (UL compliant). Allows full electronic control of the oven, including an external HMI. The driver controls all the oven loads (ventilators, heating elements, steam generator, lights,..). Easy temperature parametrization\" \/>\n<meta property=\"og:url\" content=\"https:\/\/pruebas.fideselectronica.com\/es\/electrodomesticos-hogar\/i040\/\" \/>\n<meta property=\"og:site_name\" content=\"Fides Electronica\" \/>\n<meta property=\"article:modified_time\" content=\"2023-03-27T20:47:47+00:00\" \/>\n<meta name=\"twitter:card\" content=\"summary_large_image\" \/>\n<meta name=\"twitter:label1\" content=\"Tiempo de lectura\" \/>\n\t<meta name=\"twitter:data1\" content=\"1 minuto\" \/>\n<script type=\"application\/ld+json\" class=\"yoast-schema-graph\">{\"@context\":\"https:\/\/schema.org\",\"@graph\":[{\"@type\":\"WebPage\",\"@id\":\"https:\/\/pruebas.fideselectronica.com\/home-appliances\/i040\/\",\"url\":\"https:\/\/pruebas.fideselectronica.com\/home-appliances\/i040\/\",\"name\":\"Domestic oven control -USA- Fides Electronica\",\"isPartOf\":{\"@id\":\"https:\/\/pruebas.fideselectronica.com\/#website\"},\"datePublished\":\"2023-03-09T23:41:21+00:00\",\"dateModified\":\"2023-03-27T20:47:47+00:00\",\"breadcrumb\":{\"@id\":\"https:\/\/pruebas.fideselectronica.com\/home-appliances\/i040\/#breadcrumb\"},\"inLanguage\":\"es\",\"potentialAction\":[{\"@type\":\"ReadAction\",\"target\":[\"https:\/\/pruebas.fideselectronica.com\/home-appliances\/i040\/\"]}]},{\"@type\":\"BreadcrumbList\",\"@id\":\"https:\/\/pruebas.fideselectronica.com\/home-appliances\/i040\/#breadcrumb\",\"itemListElement\":[{\"@type\":\"ListItem\",\"position\":1,\"name\":\"Home\",\"item\":\"https:\/\/pruebas.fideselectronica.com\/\"},{\"@type\":\"ListItem\",\"position\":2,\"name\":\"HOME APPLIANCES\",\"item\":\"https:\/\/pruebas.fideselectronica.com\/home-appliances\/\"},{\"@type\":\"ListItem\",\"position\":3,\"name\":\"Domestic oven control -USA-\"}]},{\"@type\":\"WebSite\",\"@id\":\"https:\/\/pruebas.fideselectronica.com\/#website\",\"url\":\"https:\/\/pruebas.fideselectronica.com\/\",\"name\":\"Fides Electronica\",\"description\":\"\",\"publisher\":{\"@id\":\"https:\/\/pruebas.fideselectronica.com\/#organization\"},\"potentialAction\":[{\"@type\":\"SearchAction\",\"target\":{\"@type\":\"EntryPoint\",\"urlTemplate\":\"https:\/\/pruebas.fideselectronica.com\/?s={search_term_string}\"},\"query-input\":{\"@type\":\"PropertyValueSpecification\",\"valueRequired\":true,\"valueName\":\"search_term_string\"}}],\"inLanguage\":\"es\"},{\"@type\":\"Organization\",\"@id\":\"https:\/\/pruebas.fideselectronica.com\/#organization\",\"name\":\"Fides Electronica\",\"url\":\"https:\/\/pruebas.fideselectronica.com\/\",\"logo\":{\"@type\":\"ImageObject\",\"inLanguage\":\"es\",\"@id\":\"https:\/\/pruebas.fideselectronica.com\/#\/schema\/logo\/image\/\",\"url\":\"https:\/\/pruebas.fideselectronica.com\/wp-content\/uploads\/2022\/09\/logo-color.png\",\"contentUrl\":\"https:\/\/pruebas.fideselectronica.com\/wp-content\/uploads\/2022\/09\/logo-color.png\",\"width\":167,\"height\":52,\"caption\":\"Fides Electronica\"},\"image\":{\"@id\":\"https:\/\/pruebas.fideselectronica.com\/#\/schema\/logo\/image\/\"}}]}<\/script>\n<!-- \/ Yoast SEO plugin. -->","yoast_head_json":{"title":"Domestic oven control -USA- Fides Electronica","robots":{"index":"noindex","follow":"follow","max-snippet":"max-snippet:-1","max-image-preview":"max-image-preview:large","max-video-preview":"max-video-preview:-1"},"og_locale":"es_ES","og_type":"article","og_title":"Domestic oven control -USA- Fides Electronica","og_description":"HOME APPLIANCE elements for home and commercial use. Domestic oven control Domestic oven control for US market (UL compliant). Allows full electronic control of the oven, including an external HMI. The driver controls all the oven loads (ventilators, heating elements, steam generator, lights,..). Easy temperature parametrization","og_url":"https:\/\/pruebas.fideselectronica.com\/es\/electrodomesticos-hogar\/i040\/","og_site_name":"Fides Electronica","article_modified_time":"2023-03-27T20:47:47+00:00","twitter_card":"summary_large_image","twitter_misc":{"Tiempo de lectura":"1 minuto"},"schema":{"@context":"https:\/\/schema.org","@graph":[{"@type":"WebPage","@id":"https:\/\/pruebas.fideselectronica.com\/home-appliances\/i040\/","url":"https:\/\/pruebas.fideselectronica.com\/home-appliances\/i040\/","name":"Domestic oven control -USA- Fides Electronica","isPartOf":{"@id":"https:\/\/pruebas.fideselectronica.com\/#website"},"datePublished":"2023-03-09T23:41:21+00:00","dateModified":"2023-03-27T20:47:47+00:00","breadcrumb":{"@id":"https:\/\/pruebas.fideselectronica.com\/home-appliances\/i040\/#breadcrumb"},"inLanguage":"es","potentialAction":[{"@type":"ReadAction","target":["https:\/\/pruebas.fideselectronica.com\/home-appliances\/i040\/"]}]},{"@type":"BreadcrumbList","@id":"https:\/\/pruebas.fideselectronica.com\/home-appliances\/i040\/#breadcrumb","itemListElement":[{"@type":"ListItem","position":1,"name":"Home","item":"https:\/\/pruebas.fideselectronica.com\/"},{"@type":"ListItem","position":2,"name":"HOME APPLIANCES","item":"https:\/\/pruebas.fideselectronica.com\/home-appliances\/"},{"@type":"ListItem","position":3,"name":"Domestic oven control -USA-"}]},{"@type":"WebSite","@id":"https:\/\/pruebas.fideselectronica.com\/#website","url":"https:\/\/pruebas.fideselectronica.com\/","name":"Fides Electronica","description":"","publisher":{"@id":"https:\/\/pruebas.fideselectronica.com\/#organization"},"potentialAction":[{"@type":"SearchAction","target":{"@type":"EntryPoint","urlTemplate":"https:\/\/pruebas.fideselectronica.com\/?s={search_term_string}"},"query-input":{"@type":"PropertyValueSpecification","valueRequired":true,"valueName":"search_term_string"}}],"inLanguage":"es"},{"@type":"Organization","@id":"https:\/\/pruebas.fideselectronica.com\/#organization","name":"Fides Electronica","url":"https:\/\/pruebas.fideselectronica.com\/","logo":{"@type":"ImageObject","inLanguage":"es","@id":"https:\/\/pruebas.fideselectronica.com\/#\/schema\/logo\/image\/","url":"https:\/\/pruebas.fideselectronica.com\/wp-content\/uploads\/2022\/09\/logo-color.png","contentUrl":"https:\/\/pruebas.fideselectronica.com\/wp-content\/uploads\/2022\/09\/logo-color.png","width":167,"height":52,"caption":"Fides Electronica"},"image":{"@id":"https:\/\/pruebas.fideselectronica.com\/#\/schema\/logo\/image\/"}}]}},"_links":{"self":[{"href":"https:\/\/pruebas.fideselectronica.com\/es\/wp-json\/wp\/v2\/pages\/1535","targetHints":{"allow":["GET"]}}],"collection":[{"href":"https:\/\/pruebas.fideselectronica.com\/es\/wp-json\/wp\/v2\/pages"}],"about":[{"href":"https:\/\/pruebas.fideselectronica.com\/es\/wp-json\/wp\/v2\/types\/page"}],"author":[{"embeddable":true,"href":"https:\/\/pruebas.fideselectronica.com\/es\/wp-json\/wp\/v2\/users\/1"}],"replies":[{"embeddable":true,"href":"https:\/\/pruebas.fideselectronica.com\/es\/wp-json\/wp\/v2\/comments?post=1535"}],"version-history":[{"count":15,"href":"https:\/\/pruebas.fideselectronica.com\/es\/wp-json\/wp\/v2\/pages\/1535\/revisions"}],"predecessor-version":[{"id":2350,"href":"https:\/\/pruebas.fideselectronica.com\/es\/wp-json\/wp\/v2\/pages\/1535\/revisions\/2350"}],"up":[{"embeddable":true,"href":"https:\/\/pruebas.fideselectronica.com\/es\/wp-json\/wp\/v2\/pages\/224"}],"wp:attachment":[{"href":"https:\/\/pruebas.fideselectronica.com\/es\/wp-json\/wp\/v2\/media?parent=1535"}],"curies":[{"name":"wp","href":"https:\/\/api.w.org\/{rel}","templated":true}]}}