{"id":1557,"date":"2023-03-09T23:51:10","date_gmt":"2023-03-09T23:51:10","guid":{"rendered":"https:\/\/pruebas.fideselectronica.com\/?page_id=1557"},"modified":"2023-03-27T20:54:25","modified_gmt":"2023-03-27T20:54:25","slug":"j030","status":"publish","type":"page","link":"https:\/\/pruebas.fideselectronica.com\/es\/electrodomesticos-hogar\/j030\/","title":{"rendered":"Control del horno dom\u00e9stico -NG-"},"content":{"rendered":"<div data-elementor-type=\"wp-page\" data-elementor-id=\"1557\" class=\"elementor elementor-1557\" data-elementor-post-type=\"page\">\n\t\t\t\t\t\t<section class=\"elementor-section elementor-top-section elementor-element elementor-element-59546bb1 elementor-section-full_width elementor-section-height-default elementor-section-height-default\" data-id=\"59546bb1\" data-element_type=\"section\" data-settings=\"{&quot;background_background&quot;:&quot;classic&quot;}\">\n\t\t\t\t\t\t<div class=\"elementor-container elementor-column-gap-default\">\n\t\t\t\t\t<div class=\"elementor-column elementor-col-100 elementor-top-column elementor-element elementor-element-586f4dc6\" data-id=\"586f4dc6\" data-element_type=\"column\">\n\t\t\t<div class=\"elementor-widget-wrap elementor-element-populated\">\n\t\t\t\t\t\t<section class=\"elementor-section elementor-inner-section elementor-element elementor-element-1f4a6968 elementor-section-full_width elementor-section-height-default elementor-section-height-default\" data-id=\"1f4a6968\" data-element_type=\"section\">\n\t\t\t\t\t\t<div class=\"elementor-container elementor-column-gap-default\">\n\t\t\t\t\t<div class=\"elementor-column elementor-col-50 elementor-inner-column elementor-element elementor-element-5831bf74\" data-id=\"5831bf74\" data-element_type=\"column\" data-settings=\"{&quot;background_background&quot;:&quot;classic&quot;}\">\n\t\t\t<div class=\"elementor-widget-wrap elementor-element-populated\">\n\t\t\t\t\t\t<div class=\"elementor-element elementor-element-47043037 elementor-widget elementor-widget-heading\" data-id=\"47043037\" data-element_type=\"widget\" data-widget_type=\"heading.default\">\n\t\t\t\t<div class=\"elementor-widget-container\">\n\t\t\t\t\t<h2 class=\"elementor-heading-title elementor-size-default\">ELECTRODOM\u00c9STICOS PARA EL HOGAR<\/h2>\t\t\t\t<\/div>\n\t\t\t\t<\/div>\n\t\t\t\t<div class=\"elementor-element elementor-element-3cdb8527 elementor-widget elementor-widget-heading\" data-id=\"3cdb8527\" data-element_type=\"widget\" data-widget_type=\"heading.default\">\n\t\t\t\t<div class=\"elementor-widget-container\">\n\t\t\t\t\t<h2 class=\"elementor-heading-title elementor-size-default\">Electrodom\u00e9sticos para el hogar<br> y uso comercial<\/h2>\t\t\t\t<\/div>\n\t\t\t\t<\/div>\n\t\t\t\t\t<\/div>\n\t\t<\/div>\n\t\t\t\t<div class=\"elementor-column elementor-col-50 elementor-inner-column elementor-element elementor-element-1c57802b\" data-id=\"1c57802b\" data-element_type=\"column\">\n\t\t\t<div class=\"elementor-widget-wrap\">\n\t\t\t\t\t\t\t<\/div>\n\t\t<\/div>\n\t\t\t\t\t<\/div>\n\t\t<\/section>\n\t\t\t\t\t<\/div>\n\t\t<\/div>\n\t\t\t\t\t<\/div>\n\t\t<\/section>\n\t\t\t\t<section class=\"elementor-section elementor-top-section elementor-element elementor-element-794f45d0 elementor-section-boxed elementor-section-height-default elementor-section-height-default\" data-id=\"794f45d0\" data-element_type=\"section\" data-settings=\"{&quot;background_background&quot;:&quot;classic&quot;}\">\n\t\t\t\t\t\t<div class=\"elementor-container elementor-column-gap-default\">\n\t\t\t\t\t<div class=\"elementor-column elementor-col-100 elementor-top-column elementor-element elementor-element-df36c2a\" data-id=\"df36c2a\" data-element_type=\"column\">\n\t\t\t<div class=\"elementor-widget-wrap elementor-element-populated\">\n\t\t\t\t\t\t<div class=\"elementor-element elementor-element-25dbc149 elementor-widget elementor-widget-breadcrumbs\" data-id=\"25dbc149\" data-element_type=\"widget\" data-widget_type=\"breadcrumbs.default\">\n\t\t\t\t<div class=\"elementor-widget-container\">\n\t\t\t\t\t<p id=\"breadcrumbs\">\t\/\n<span><span><a href=\"https:\/\/pruebas.fideselectronica.com\/es\/\">Inicio<\/a><\/span><\/span><\/p>\t\t\t\t<\/div>\n\t\t\t\t<\/div>\n\t\t\t\t\t<\/div>\n\t\t<\/div>\n\t\t\t\t\t<\/div>\n\t\t<\/section>\n\t\t\t\t<section class=\"elementor-section elementor-top-section elementor-element elementor-element-bea0f07 elementor-section-boxed elementor-section-height-default elementor-section-height-default\" data-id=\"bea0f07\" data-element_type=\"section\" data-settings=\"{&quot;background_background&quot;:&quot;classic&quot;}\">\n\t\t\t\t\t\t<div class=\"elementor-container elementor-column-gap-default\">\n\t\t\t\t\t<div class=\"elementor-column elementor-col-100 elementor-top-column elementor-element elementor-element-26d06196\" data-id=\"26d06196\" data-element_type=\"column\">\n\t\t\t<div class=\"elementor-widget-wrap elementor-element-populated\">\n\t\t\t\t\t\t<section class=\"elementor-section elementor-inner-section elementor-element elementor-element-61416ea0 elementor-section-boxed elementor-section-height-default elementor-section-height-default\" data-id=\"61416ea0\" data-element_type=\"section\">\n\t\t\t\t\t\t<div class=\"elementor-container elementor-column-gap-default\">\n\t\t\t\t\t<div class=\"elementor-column elementor-col-50 elementor-inner-column elementor-element elementor-element-323c6b3e\" data-id=\"323c6b3e\" data-element_type=\"column\" data-settings=\"{&quot;background_background&quot;:&quot;classic&quot;}\">\n\t\t\t<div class=\"elementor-widget-wrap elementor-element-populated\">\n\t\t\t\t\t\t<div class=\"elementor-element elementor-element-4053b21e elementor-widget elementor-widget-heading\" data-id=\"4053b21e\" data-element_type=\"widget\" data-widget_type=\"heading.default\">\n\t\t\t\t<div class=\"elementor-widget-container\">\n\t\t\t\t\t<h2 class=\"elementor-heading-title elementor-size-default\">Control electr\u00f3nico para horno dom\u00e9stico<\/h2>\t\t\t\t<\/div>\n\t\t\t\t<\/div>\n\t\t\t\t<div class=\"elementor-element elementor-element-148cd9a elementor-widget elementor-widget-text-editor\" data-id=\"148cd9a\" data-element_type=\"widget\" data-widget_type=\"text-editor.default\">\n\t\t\t\t<div class=\"elementor-widget-container\">\n\t\t\t\t\t\t\t\t\t<p>Control de horno dom\u00e9stico para el mercado de la UE. Permite el control electr\u00f3nico total del horno, incluida una HMI externa. El controlador controla las cargas del horno (ventiladores, resistencias, generador de vapor, luces,..). F\u00e1cil parametrizaci\u00f3n de la temperatura.<\/p>\t\t\t\t\t\t\t\t<\/div>\n\t\t\t\t<\/div>\n\t\t\t\t\t<\/div>\n\t\t<\/div>\n\t\t\t\t<div class=\"elementor-column elementor-col-50 elementor-inner-column elementor-element elementor-element-7bd93745\" data-id=\"7bd93745\" data-element_type=\"column\">\n\t\t\t<div class=\"elementor-widget-wrap elementor-element-populated\">\n\t\t\t\t\t\t<div class=\"elementor-element elementor-element-7982ac12 elementor--h-position-center elementor--v-position-middle elementor-arrows-position-inside elementor-pagination-position-inside elementor-widget elementor-widget-slides\" data-id=\"7982ac12\" data-element_type=\"widget\" data-settings=\"{&quot;navigation&quot;:&quot;both&quot;,&quot;autoplay&quot;:&quot;yes&quot;,&quot;pause_on_hover&quot;:&quot;yes&quot;,&quot;pause_on_interaction&quot;:&quot;yes&quot;,&quot;autoplay_speed&quot;:5000,&quot;infinite&quot;:&quot;yes&quot;,&quot;transition&quot;:&quot;slide&quot;,&quot;transition_speed&quot;:500}\" data-widget_type=\"slides.default\">\n\t\t\t\t<div class=\"elementor-widget-container\">\n\t\t\t\t\t\t\t\t\t<div class=\"elementor-swiper\">\n\t\t\t\t\t<div class=\"elementor-slides-wrapper elementor-main-swiper swiper\" role=\"region\" aria-roledescription=\"carousel\" aria-label=\"Diapositivas\" dir=\"ltr\" data-animation=\"fadeInUp\">\n\t\t\t\t<div class=\"swiper-wrapper elementor-slides\">\n\t\t\t\t\t\t\t\t\t\t<div class=\"elementor-repeater-item-93bbc4c swiper-slide\" role=\"group\" aria-roledescription=\"slide\"><div class=\"swiper-slide-bg\" role=\"img\"><\/div><div class=\"swiper-slide-inner\" ><div class=\"swiper-slide-contents\"><\/div><\/div><\/div>\t\t\t\t<\/div>\n\t\t\t\t\t\t\t<\/div>\n\t\t\t\t<\/div>\n\t\t\t\t\t\t\t\t<\/div>\n\t\t\t\t<\/div>\n\t\t\t\t\t<\/div>\n\t\t<\/div>\n\t\t\t\t\t<\/div>\n\t\t<\/section>\n\t\t\t\t\t<\/div>\n\t\t<\/div>\n\t\t\t\t\t<\/div>\n\t\t<\/section>\n\t\t\t\t<\/div>","protected":false},"excerpt":{"rendered":"<p>soluciones de control de horno dom\u00e9stico con gesti\u00f3n total de cargas, HMI externa y parametrizaci\u00f3n sencilla de temperatura para el mercado europeo.<\/p>","protected":false},"author":1,"featured_media":0,"parent":224,"menu_order":0,"comment_status":"closed","ping_status":"closed","template":"elementor_header_footer","meta":{"content-type":"","site-sidebar-layout":"no-sidebar","site-content-layout":"page-builder","ast-site-content-layout":"","site-content-style":"default","site-sidebar-style":"default","ast-global-header-display":"","ast-banner-title-visibility":"","ast-main-header-display":"","ast-hfb-above-header-display":"","ast-hfb-below-header-display":"","ast-hfb-mobile-header-display":"","site-post-title":"disabled","ast-breadcrumbs-content":"","ast-featured-img":"disabled","footer-sml-layout":"","theme-transparent-header-meta":"default","adv-header-id-meta":"","stick-header-meta":"","header-above-stick-meta":"","header-main-stick-meta":"","header-below-stick-meta":"","astra-migrate-meta-layouts":"default","ast-page-background-enabled":"default","ast-page-background-meta":{"desktop":{"background-color":"var(--ast-global-color-4)","background-image":"","background-repeat":"repeat","background-position":"center center","background-size":"auto","background-attachment":"scroll","background-type":"","background-media":"","overlay-type":"","overlay-color":"","overlay-opacity":"","overlay-gradient":""},"tablet":{"background-color":"","background-image":"","background-repeat":"repeat","background-position":"center center","background-size":"auto","background-attachment":"scroll","background-type":"","background-media":"","overlay-type":"","overlay-color":"","overlay-opacity":"","overlay-gradient":""},"mobile":{"background-color":"","background-image":"","background-repeat":"repeat","background-position":"center center","background-size":"auto","background-attachment":"scroll","background-type":"","background-media":"","overlay-type":"","overlay-color":"","overlay-opacity":"","overlay-gradient":""}},"ast-content-background-meta":{"desktop":{"background-color":"var(--ast-global-color-5)","background-image":"","background-repeat":"repeat","background-position":"center center","background-size":"auto","background-attachment":"scroll","background-type":"","background-media":"","overlay-type":"","overlay-color":"","overlay-opacity":"","overlay-gradient":""},"tablet":{"background-color":"var(--ast-global-color-5)","background-image":"","background-repeat":"repeat","background-position":"center center","background-size":"auto","background-attachment":"scroll","background-type":"","background-media":"","overlay-type":"","overlay-color":"","overlay-opacity":"","overlay-gradient":""},"mobile":{"background-color":"var(--ast-global-color-5)","background-image":"","background-repeat":"repeat","background-position":"center center","background-size":"auto","background-attachment":"scroll","background-type":"","background-media":"","overlay-type":"","overlay-color":"","overlay-opacity":"","overlay-gradient":""}},"_joinchat":[],"footnotes":""},"class_list":["post-1557","page","type-page","status-publish","hentry"],"yoast_head":"<!-- This site is optimized with the Yoast SEO plugin v24.6 - https:\/\/yoast.com\/wordpress\/plugins\/seo\/ -->\n<title>Domestic oven control -NG- Fides Electronica<\/title>\n<meta name=\"robots\" content=\"noindex, follow, max-snippet:-1, max-image-preview:large, max-video-preview:-1\" \/>\n<meta property=\"og:locale\" content=\"es_ES\" \/>\n<meta property=\"og:type\" content=\"article\" \/>\n<meta property=\"og:title\" content=\"Domestic oven control -NG- Fides Electronica\" \/>\n<meta property=\"og:description\" content=\"HOME APPLIANCE elements for home and commercial use. Domestic oven control Domestic oven control for EU market. Allows full electronic control of the oven, including an external HMI. The driver controls the oven loads (ventilators, heating elements, steam generator, lights,..). Easy temperature parametrization.\" \/>\n<meta property=\"og:url\" content=\"https:\/\/pruebas.fideselectronica.com\/es\/electrodomesticos-hogar\/j030\/\" \/>\n<meta property=\"og:site_name\" content=\"Fides Electronica\" \/>\n<meta property=\"article:modified_time\" content=\"2023-03-27T20:54:25+00:00\" \/>\n<meta name=\"twitter:card\" content=\"summary_large_image\" \/>\n<meta name=\"twitter:label1\" content=\"Tiempo de lectura\" \/>\n\t<meta name=\"twitter:data1\" content=\"1 minuto\" \/>\n<script type=\"application\/ld+json\" class=\"yoast-schema-graph\">{\"@context\":\"https:\/\/schema.org\",\"@graph\":[{\"@type\":\"WebPage\",\"@id\":\"https:\/\/pruebas.fideselectronica.com\/home-appliances\/j030\/\",\"url\":\"https:\/\/pruebas.fideselectronica.com\/home-appliances\/j030\/\",\"name\":\"Domestic oven control -NG- Fides Electronica\",\"isPartOf\":{\"@id\":\"https:\/\/pruebas.fideselectronica.com\/#website\"},\"datePublished\":\"2023-03-09T23:51:10+00:00\",\"dateModified\":\"2023-03-27T20:54:25+00:00\",\"breadcrumb\":{\"@id\":\"https:\/\/pruebas.fideselectronica.com\/home-appliances\/j030\/#breadcrumb\"},\"inLanguage\":\"es\",\"potentialAction\":[{\"@type\":\"ReadAction\",\"target\":[\"https:\/\/pruebas.fideselectronica.com\/home-appliances\/j030\/\"]}]},{\"@type\":\"BreadcrumbList\",\"@id\":\"https:\/\/pruebas.fideselectronica.com\/home-appliances\/j030\/#breadcrumb\",\"itemListElement\":[{\"@type\":\"ListItem\",\"position\":1,\"name\":\"Home\",\"item\":\"https:\/\/pruebas.fideselectronica.com\/\"},{\"@type\":\"ListItem\",\"position\":2,\"name\":\"HOME APPLIANCES\",\"item\":\"https:\/\/pruebas.fideselectronica.com\/home-appliances\/\"},{\"@type\":\"ListItem\",\"position\":3,\"name\":\"Domestic oven control -NG-\"}]},{\"@type\":\"WebSite\",\"@id\":\"https:\/\/pruebas.fideselectronica.com\/#website\",\"url\":\"https:\/\/pruebas.fideselectronica.com\/\",\"name\":\"Fides Electronica\",\"description\":\"\",\"publisher\":{\"@id\":\"https:\/\/pruebas.fideselectronica.com\/#organization\"},\"potentialAction\":[{\"@type\":\"SearchAction\",\"target\":{\"@type\":\"EntryPoint\",\"urlTemplate\":\"https:\/\/pruebas.fideselectronica.com\/?s={search_term_string}\"},\"query-input\":{\"@type\":\"PropertyValueSpecification\",\"valueRequired\":true,\"valueName\":\"search_term_string\"}}],\"inLanguage\":\"es\"},{\"@type\":\"Organization\",\"@id\":\"https:\/\/pruebas.fideselectronica.com\/#organization\",\"name\":\"Fides Electronica\",\"url\":\"https:\/\/pruebas.fideselectronica.com\/\",\"logo\":{\"@type\":\"ImageObject\",\"inLanguage\":\"es\",\"@id\":\"https:\/\/pruebas.fideselectronica.com\/#\/schema\/logo\/image\/\",\"url\":\"https:\/\/pruebas.fideselectronica.com\/wp-content\/uploads\/2022\/09\/logo-color.png\",\"contentUrl\":\"https:\/\/pruebas.fideselectronica.com\/wp-content\/uploads\/2022\/09\/logo-color.png\",\"width\":167,\"height\":52,\"caption\":\"Fides Electronica\"},\"image\":{\"@id\":\"https:\/\/pruebas.fideselectronica.com\/#\/schema\/logo\/image\/\"}}]}<\/script>\n<!-- \/ Yoast SEO plugin. -->","yoast_head_json":{"title":"Domestic oven control -NG- Fides Electronica","robots":{"index":"noindex","follow":"follow","max-snippet":"max-snippet:-1","max-image-preview":"max-image-preview:large","max-video-preview":"max-video-preview:-1"},"og_locale":"es_ES","og_type":"article","og_title":"Domestic oven control -NG- Fides Electronica","og_description":"HOME APPLIANCE elements for home and commercial use. Domestic oven control Domestic oven control for EU market. Allows full electronic control of the oven, including an external HMI. The driver controls the oven loads (ventilators, heating elements, steam generator, lights,..). Easy temperature parametrization.","og_url":"https:\/\/pruebas.fideselectronica.com\/es\/electrodomesticos-hogar\/j030\/","og_site_name":"Fides Electronica","article_modified_time":"2023-03-27T20:54:25+00:00","twitter_card":"summary_large_image","twitter_misc":{"Tiempo de lectura":"1 minuto"},"schema":{"@context":"https:\/\/schema.org","@graph":[{"@type":"WebPage","@id":"https:\/\/pruebas.fideselectronica.com\/home-appliances\/j030\/","url":"https:\/\/pruebas.fideselectronica.com\/home-appliances\/j030\/","name":"Domestic oven control -NG- Fides Electronica","isPartOf":{"@id":"https:\/\/pruebas.fideselectronica.com\/#website"},"datePublished":"2023-03-09T23:51:10+00:00","dateModified":"2023-03-27T20:54:25+00:00","breadcrumb":{"@id":"https:\/\/pruebas.fideselectronica.com\/home-appliances\/j030\/#breadcrumb"},"inLanguage":"es","potentialAction":[{"@type":"ReadAction","target":["https:\/\/pruebas.fideselectronica.com\/home-appliances\/j030\/"]}]},{"@type":"BreadcrumbList","@id":"https:\/\/pruebas.fideselectronica.com\/home-appliances\/j030\/#breadcrumb","itemListElement":[{"@type":"ListItem","position":1,"name":"Home","item":"https:\/\/pruebas.fideselectronica.com\/"},{"@type":"ListItem","position":2,"name":"HOME APPLIANCES","item":"https:\/\/pruebas.fideselectronica.com\/home-appliances\/"},{"@type":"ListItem","position":3,"name":"Domestic oven control -NG-"}]},{"@type":"WebSite","@id":"https:\/\/pruebas.fideselectronica.com\/#website","url":"https:\/\/pruebas.fideselectronica.com\/","name":"Fides Electronica","description":"","publisher":{"@id":"https:\/\/pruebas.fideselectronica.com\/#organization"},"potentialAction":[{"@type":"SearchAction","target":{"@type":"EntryPoint","urlTemplate":"https:\/\/pruebas.fideselectronica.com\/?s={search_term_string}"},"query-input":{"@type":"PropertyValueSpecification","valueRequired":true,"valueName":"search_term_string"}}],"inLanguage":"es"},{"@type":"Organization","@id":"https:\/\/pruebas.fideselectronica.com\/#organization","name":"Fides Electronica","url":"https:\/\/pruebas.fideselectronica.com\/","logo":{"@type":"ImageObject","inLanguage":"es","@id":"https:\/\/pruebas.fideselectronica.com\/#\/schema\/logo\/image\/","url":"https:\/\/pruebas.fideselectronica.com\/wp-content\/uploads\/2022\/09\/logo-color.png","contentUrl":"https:\/\/pruebas.fideselectronica.com\/wp-content\/uploads\/2022\/09\/logo-color.png","width":167,"height":52,"caption":"Fides Electronica"},"image":{"@id":"https:\/\/pruebas.fideselectronica.com\/#\/schema\/logo\/image\/"}}]}},"_links":{"self":[{"href":"https:\/\/pruebas.fideselectronica.com\/es\/wp-json\/wp\/v2\/pages\/1557","targetHints":{"allow":["GET"]}}],"collection":[{"href":"https:\/\/pruebas.fideselectronica.com\/es\/wp-json\/wp\/v2\/pages"}],"about":[{"href":"https:\/\/pruebas.fideselectronica.com\/es\/wp-json\/wp\/v2\/types\/page"}],"author":[{"embeddable":true,"href":"https:\/\/pruebas.fideselectronica.com\/es\/wp-json\/wp\/v2\/users\/1"}],"replies":[{"embeddable":true,"href":"https:\/\/pruebas.fideselectronica.com\/es\/wp-json\/wp\/v2\/comments?post=1557"}],"version-history":[{"count":14,"href":"https:\/\/pruebas.fideselectronica.com\/es\/wp-json\/wp\/v2\/pages\/1557\/revisions"}],"predecessor-version":[{"id":2261,"href":"https:\/\/pruebas.fideselectronica.com\/es\/wp-json\/wp\/v2\/pages\/1557\/revisions\/2261"}],"up":[{"embeddable":true,"href":"https:\/\/pruebas.fideselectronica.com\/es\/wp-json\/wp\/v2\/pages\/224"}],"wp:attachment":[{"href":"https:\/\/pruebas.fideselectronica.com\/es\/wp-json\/wp\/v2\/media?parent=1557"}],"curies":[{"name":"wp","href":"https:\/\/api.w.org\/{rel}","templated":true}]}}