{"id":245,"date":"2022-10-03T17:45:54","date_gmt":"2022-10-03T17:45:54","guid":{"rendered":"https:\/\/pruebas.fideselectronica.com\/?page_id=245"},"modified":"2025-03-12T20:00:23","modified_gmt":"2025-03-12T20:00:23","slug":"e-movilidad","status":"publish","type":"page","link":"https:\/\/pruebas.fideselectronica.com\/es\/e-movilidad\/","title":{"rendered":"MOVILIDAD EL\u00c9CTRICA"},"content":{"rendered":"<div data-elementor-type=\"wp-page\" data-elementor-id=\"245\" class=\"elementor elementor-245\" data-elementor-post-type=\"page\">\n\t\t\t\t\t\t<section class=\"elementor-section elementor-top-section elementor-element elementor-element-25da43c elementor-section-full_width elementor-section-height-default elementor-section-height-default\" data-id=\"25da43c\" data-element_type=\"section\" data-settings=\"{&quot;background_background&quot;:&quot;classic&quot;}\">\n\t\t\t\t\t\t<div class=\"elementor-container elementor-column-gap-default\">\n\t\t\t\t\t<div class=\"elementor-column elementor-col-100 elementor-top-column elementor-element elementor-element-ecd6512\" data-id=\"ecd6512\" data-element_type=\"column\">\n\t\t\t<div class=\"elementor-widget-wrap elementor-element-populated\">\n\t\t\t\t\t\t<section class=\"elementor-section elementor-inner-section elementor-element elementor-element-7e56e36 elementor-section-full_width elementor-section-height-default elementor-section-height-default\" data-id=\"7e56e36\" data-element_type=\"section\">\n\t\t\t\t\t\t<div class=\"elementor-container elementor-column-gap-default\">\n\t\t\t\t\t<div class=\"elementor-column elementor-col-50 elementor-inner-column elementor-element elementor-element-0961ed3\" data-id=\"0961ed3\" data-element_type=\"column\" data-settings=\"{&quot;background_background&quot;:&quot;classic&quot;}\">\n\t\t\t<div class=\"elementor-widget-wrap elementor-element-populated\">\n\t\t\t\t\t\t<div class=\"elementor-element elementor-element-de2f7b5 elementor-widget elementor-widget-heading\" data-id=\"de2f7b5\" data-element_type=\"widget\" data-widget_type=\"heading.default\">\n\t\t\t\t<div class=\"elementor-widget-container\">\n\t\t\t\t\t<h2 class=\"elementor-heading-title elementor-size-default\">MOVILIDAD EL\u00c9CTRICA<\/h2>\t\t\t\t<\/div>\n\t\t\t\t<\/div>\n\t\t\t\t<div class=\"elementor-element elementor-element-63ddb76 elementor-widget elementor-widget-heading\" data-id=\"63ddb76\" data-element_type=\"widget\" data-widget_type=\"heading.default\">\n\t\t\t\t<div class=\"elementor-widget-container\">\n\t\t\t\t\t<h2 class=\"elementor-heading-title elementor-size-default\">DISE\u00d1OS PARA EL CONTROL<br> DE MOVILIDAD EL\u00c9CTRICA<\/h2>\t\t\t\t<\/div>\n\t\t\t\t<\/div>\n\t\t\t\t\t<\/div>\n\t\t<\/div>\n\t\t\t\t<div class=\"elementor-column elementor-col-50 elementor-inner-column elementor-element elementor-element-f467d69\" data-id=\"f467d69\" data-element_type=\"column\">\n\t\t\t<div class=\"elementor-widget-wrap\">\n\t\t\t\t\t\t\t<\/div>\n\t\t<\/div>\n\t\t\t\t\t<\/div>\n\t\t<\/section>\n\t\t\t\t\t<\/div>\n\t\t<\/div>\n\t\t\t\t\t<\/div>\n\t\t<\/section>\n\t\t\t\t<section class=\"elementor-section elementor-top-section elementor-element elementor-element-a20cb71 elementor-section-boxed elementor-section-height-default elementor-section-height-default\" data-id=\"a20cb71\" data-element_type=\"section\" data-settings=\"{&quot;background_background&quot;:&quot;classic&quot;}\">\n\t\t\t\t\t\t<div class=\"elementor-container elementor-column-gap-default\">\n\t\t\t\t\t<div class=\"elementor-column elementor-col-50 elementor-top-column elementor-element elementor-element-606fda3\" data-id=\"606fda3\" data-element_type=\"column\">\n\t\t\t<div class=\"elementor-widget-wrap elementor-element-populated\">\n\t\t\t\t\t\t<div class=\"elementor-element elementor-element-977e10a elementor-widget elementor-widget-breadcrumbs\" data-id=\"977e10a\" data-element_type=\"widget\" data-widget_type=\"breadcrumbs.default\">\n\t\t\t\t<div class=\"elementor-widget-container\">\n\t\t\t\t\t<p id=\"breadcrumbs\">\t\/\n<span><span><a href=\"https:\/\/pruebas.fideselectronica.com\/es\/\">Inicio<\/a><\/span><\/span><\/p>\t\t\t\t<\/div>\n\t\t\t\t<\/div>\n\t\t\t\t<div class=\"elementor-element elementor-element-2b00b0d elementor-widget elementor-widget-heading\" data-id=\"2b00b0d\" data-element_type=\"widget\" data-widget_type=\"heading.default\">\n\t\t\t\t<div class=\"elementor-widget-container\">\n\t\t\t\t\t<h5 class=\"elementor-heading-title elementor-size-default\">Conoce nuestros casos de \u00e9xito y descubre c\u00f3mo nuestras soluciones han mejorado el rendimiento y ofrecido dise\u00f1os personalizados, adaptados a cada aplicaci\u00f3n.<\/h5>\t\t\t\t<\/div>\n\t\t\t\t<\/div>\n\t\t\t\t<div class=\"elementor-element elementor-element-0235abe elementor-widget elementor-widget-text-editor\" data-id=\"0235abe\" data-element_type=\"widget\" data-widget_type=\"text-editor.default\">\n\t\t\t\t<div class=\"elementor-widget-container\">\n\t\t\t\t\t\t\t\t\t<p class=\"translation-block\">Contamos con una capacidad de producci\u00f3n adaptable, gracias a la incorporaci\u00f3n de tecnolog\u00edas de fabricaci\u00f3n avanzadas. Participamos en proyectos de bater\u00edas de ion-litio para movilidad el\u00e9ctrica, incluyendo sistemas de contacto de celdas. Ofrecemos un alto nivel de especializaci\u00f3n en el desarrollo de electr\u00f3nica, software y mec\u00e1nica.<\/p>\t\t\t\t\t\t\t\t<\/div>\n\t\t\t\t<\/div>\n\t\t\t\t\t<\/div>\n\t\t<\/div>\n\t\t\t\t<div class=\"elementor-column elementor-col-50 elementor-top-column elementor-element elementor-element-41d9bba\" data-id=\"41d9bba\" data-element_type=\"column\">\n\t\t\t<div class=\"elementor-widget-wrap\">\n\t\t\t\t\t\t\t<\/div>\n\t\t<\/div>\n\t\t\t\t\t<\/div>\n\t\t<\/section>\n\t\t\t\t<section class=\"elementor-section elementor-top-section elementor-element elementor-element-6db8fdd elementor-section-boxed elementor-section-height-default elementor-section-height-default\" data-id=\"6db8fdd\" data-element_type=\"section\" data-settings=\"{&quot;background_background&quot;:&quot;classic&quot;}\">\n\t\t\t\t\t\t<div class=\"elementor-container elementor-column-gap-default\">\n\t\t\t\t\t<div class=\"elementor-column elementor-col-50 elementor-top-column elementor-element elementor-element-efe2fc8\" data-id=\"efe2fc8\" data-element_type=\"column\">\n\t\t\t<div class=\"elementor-widget-wrap elementor-element-populated\">\n\t\t\t\t\t\t<section class=\"elementor-section elementor-inner-section elementor-element elementor-element-a19b1c4 elementor-section-boxed elementor-section-height-default elementor-section-height-default\" data-id=\"a19b1c4\" data-element_type=\"section\">\n\t\t\t\t\t\t<div class=\"elementor-container elementor-column-gap-default\">\n\t\t\t\t\t<div class=\"elementor-column elementor-col-50 elementor-inner-column elementor-element elementor-element-df63e52\" data-id=\"df63e52\" data-element_type=\"column\" data-settings=\"{&quot;background_background&quot;:&quot;classic&quot;}\">\n\t\t\t<div class=\"elementor-widget-wrap elementor-element-populated\">\n\t\t\t\t\t\t<div class=\"elementor-element elementor-element-861b8ff elementor-widget elementor-widget-heading\" data-id=\"861b8ff\" data-element_type=\"widget\" data-widget_type=\"heading.default\">\n\t\t\t\t<div class=\"elementor-widget-container\">\n\t\t\t\t\t<h2 class=\"elementor-heading-title elementor-size-default\"><a href=\"https:\/\/pruebas.fideselectronica.com\/es\/e-movilidad\/s015\/\">Control<br> de motor<\/a><\/h2>\t\t\t\t<\/div>\n\t\t\t\t<\/div>\n\t\t\t\t\t<\/div>\n\t\t<\/div>\n\t\t\t\t<div class=\"elementor-column elementor-col-50 elementor-inner-column elementor-element elementor-element-8495dbb\" data-id=\"8495dbb\" data-element_type=\"column\">\n\t\t\t<div class=\"elementor-widget-wrap elementor-element-populated\">\n\t\t\t\t\t\t<div class=\"elementor-element elementor-element-3fca1cc elementor-widget elementor-widget-image\" data-id=\"3fca1cc\" data-element_type=\"widget\" data-widget_type=\"image.default\">\n\t\t\t\t<div class=\"elementor-widget-container\">\n\t\t\t\t\t\t\t\t\t\t\t\t\t\t\t\t<a href=\"https:\/\/pruebas.fideselectronica.com\/es\/e-movilidad\/s015\/\">\n\t\t\t\t\t\t\t<img fetchpriority=\"high\" decoding=\"async\" width=\"309\" height=\"370\" src=\"https:\/\/pruebas.fideselectronica.com\/wp-content\/uploads\/2023\/03\/E-MOTORCYCLE-CHOPPER-MOTOR-CONTROL-POWER-ELECTRONICS.jpg\" class=\"attachment-full size-full wp-image-1337\" alt=\"\" srcset=\"https:\/\/pruebas.fideselectronica.com\/wp-content\/uploads\/2023\/03\/E-MOTORCYCLE-CHOPPER-MOTOR-CONTROL-POWER-ELECTRONICS.jpg 309w, https:\/\/pruebas.fideselectronica.com\/wp-content\/uploads\/2023\/03\/E-MOTORCYCLE-CHOPPER-MOTOR-CONTROL-POWER-ELECTRONICS-251x300.jpg 251w\" sizes=\"(max-width: 309px) 100vw, 309px\" \/>\t\t\t\t\t\t\t\t<\/a>\n\t\t\t\t\t\t\t\t\t\t\t\t\t\t\t<\/div>\n\t\t\t\t<\/div>\n\t\t\t\t\t<\/div>\n\t\t<\/div>\n\t\t\t\t\t<\/div>\n\t\t<\/section>\n\t\t\t\t\t<\/div>\n\t\t<\/div>\n\t\t\t\t<div class=\"elementor-column elementor-col-50 elementor-top-column elementor-element elementor-element-5862bfc\" data-id=\"5862bfc\" data-element_type=\"column\">\n\t\t\t<div class=\"elementor-widget-wrap elementor-element-populated\">\n\t\t\t\t\t\t<section class=\"elementor-section elementor-inner-section elementor-element elementor-element-e94533b elementor-section-boxed elementor-section-height-default elementor-section-height-default\" data-id=\"e94533b\" data-element_type=\"section\">\n\t\t\t\t\t\t<div class=\"elementor-container elementor-column-gap-default\">\n\t\t\t\t\t<div class=\"elementor-column elementor-col-50 elementor-inner-column elementor-element elementor-element-7f73c0c\" data-id=\"7f73c0c\" data-element_type=\"column\" data-settings=\"{&quot;background_background&quot;:&quot;classic&quot;}\">\n\t\t\t<div class=\"elementor-widget-wrap elementor-element-populated\">\n\t\t\t\t\t\t<div class=\"elementor-element elementor-element-cfea96b elementor-widget elementor-widget-heading\" data-id=\"cfea96b\" data-element_type=\"widget\" data-widget_type=\"heading.default\">\n\t\t\t\t<div class=\"elementor-widget-container\">\n\t\t\t\t\t<h2 class=\"elementor-heading-title elementor-size-default\"><a href=\"https:\/\/pruebas.fideselectronica.com\/es\/e-movilidad\/y075\/\">VELOC\u00cdMETRO HMI Y MULTIMEDIA<\/a><\/h2>\t\t\t\t<\/div>\n\t\t\t\t<\/div>\n\t\t\t\t\t<\/div>\n\t\t<\/div>\n\t\t\t\t<div class=\"elementor-column elementor-col-50 elementor-inner-column elementor-element elementor-element-96cae99\" data-id=\"96cae99\" data-element_type=\"column\">\n\t\t\t<div class=\"elementor-widget-wrap elementor-element-populated\">\n\t\t\t\t\t\t<div class=\"elementor-element elementor-element-57a5b8a elementor-widget elementor-widget-image\" data-id=\"57a5b8a\" data-element_type=\"widget\" data-widget_type=\"image.default\">\n\t\t\t\t<div class=\"elementor-widget-container\">\n\t\t\t\t\t\t\t\t\t\t\t\t\t\t\t\t<a href=\"https:\/\/pruebas.fideselectronica.com\/es\/e-movilidad\/y075\/\">\n\t\t\t\t\t\t\t<img decoding=\"async\" width=\"309\" height=\"370\" src=\"https:\/\/pruebas.fideselectronica.com\/wp-content\/uploads\/2023\/03\/121A3125-emobility-Y075.jpg\" class=\"attachment-full size-full wp-image-1526\" alt=\"\" srcset=\"https:\/\/pruebas.fideselectronica.com\/wp-content\/uploads\/2023\/03\/121A3125-emobility-Y075.jpg 309w, https:\/\/pruebas.fideselectronica.com\/wp-content\/uploads\/2023\/03\/121A3125-emobility-Y075-251x300.jpg 251w\" sizes=\"(max-width: 309px) 100vw, 309px\" \/>\t\t\t\t\t\t\t\t<\/a>\n\t\t\t\t\t\t\t\t\t\t\t\t\t\t\t<\/div>\n\t\t\t\t<\/div>\n\t\t\t\t\t<\/div>\n\t\t<\/div>\n\t\t\t\t\t<\/div>\n\t\t<\/section>\n\t\t\t\t\t<\/div>\n\t\t<\/div>\n\t\t\t\t\t<\/div>\n\t\t<\/section>\n\t\t\t\t<\/div>","protected":false},"excerpt":{"rendered":"<p>E-MOBILITY DESIGNS FOR ELECTRIC MOBILITY CONTROL Explore our successful case studies below and discover how our solutions have improved performance and ensured tailored, high-quality designs High flexibility in production due to integration of new manufacturing technologies. Project for lithium-ion batteries in e-mobility with cell contacting systems. Highest competence in the development of electronics, software and [&hellip;]<\/p>","protected":false},"author":1,"featured_media":0,"parent":0,"menu_order":0,"comment_status":"closed","ping_status":"closed","template":"elementor_header_footer","meta":{"content-type":"","site-sidebar-layout":"no-sidebar","site-content-layout":"page-builder","ast-site-content-layout":"","site-content-style":"default","site-sidebar-style":"default","ast-global-header-display":"","ast-banner-title-visibility":"","ast-main-header-display":"","ast-hfb-above-header-display":"","ast-hfb-below-header-display":"","ast-hfb-mobile-header-display":"","site-post-title":"disabled","ast-breadcrumbs-content":"","ast-featured-img":"disabled","footer-sml-layout":"","theme-transparent-header-meta":"default","adv-header-id-meta":"","stick-header-meta":"","header-above-stick-meta":"","header-main-stick-meta":"","header-below-stick-meta":"","astra-migrate-meta-layouts":"default","ast-page-background-enabled":"default","ast-page-background-meta":{"desktop":{"background-color":"var(--ast-global-color-4)","background-image":"","background-repeat":"repeat","background-position":"center center","background-size":"auto","background-attachment":"scroll","background-type":"","background-media":"","overlay-type":"","overlay-color":"","overlay-opacity":"","overlay-gradient":""},"tablet":{"background-color":"","background-image":"","background-repeat":"repeat","background-position":"center center","background-size":"auto","background-attachment":"scroll","background-type":"","background-media":"","overlay-type":"","overlay-color":"","overlay-opacity":"","overlay-gradient":""},"mobile":{"background-color":"","background-image":"","background-repeat":"repeat","background-position":"center center","background-size":"auto","background-attachment":"scroll","background-type":"","background-media":"","overlay-type":"","overlay-color":"","overlay-opacity":"","overlay-gradient":""}},"ast-content-background-meta":{"desktop":{"background-color":"var(--ast-global-color-5)","background-image":"","background-repeat":"repeat","background-position":"center center","background-size":"auto","background-attachment":"scroll","background-type":"","background-media":"","overlay-type":"","overlay-color":"","overlay-opacity":"","overlay-gradient":""},"tablet":{"background-color":"var(--ast-global-color-5)","background-image":"","background-repeat":"repeat","background-position":"center center","background-size":"auto","background-attachment":"scroll","background-type":"","background-media":"","overlay-type":"","overlay-color":"","overlay-opacity":"","overlay-gradient":""},"mobile":{"background-color":"var(--ast-global-color-5)","background-image":"","background-repeat":"repeat","background-position":"center center","background-size":"auto","background-attachment":"scroll","background-type":"","background-media":"","overlay-type":"","overlay-color":"","overlay-opacity":"","overlay-gradient":""}},"_joinchat":[],"footnotes":""},"class_list":["post-245","page","type-page","status-publish","hentry"],"yoast_head":"<!-- This site is optimized with the Yoast SEO plugin v24.6 - https:\/\/yoast.com\/wordpress\/plugins\/seo\/ -->\n<title>E-MOBILITY - Fides Electronica<\/title>\n<meta name=\"description\" content=\"High flexibility in production due to integration of new manufacturing technologies. Project for lithium-ion batteries in e-mobility with cell contacting systems. Highest competence in the development of electronics, software and mechanics. e-mobility\" \/>\n<meta name=\"robots\" content=\"noindex, follow, max-snippet:-1, max-image-preview:large, max-video-preview:-1\" \/>\n<meta property=\"og:locale\" content=\"es_ES\" \/>\n<meta property=\"og:type\" content=\"article\" \/>\n<meta property=\"og:title\" content=\"E-MOBILITY - Fides Electronica\" \/>\n<meta property=\"og:description\" content=\"High flexibility in production due to integration of new manufacturing technologies. Project for lithium-ion batteries in e-mobility with cell contacting systems. Highest competence in the development of electronics, software and mechanics. e-mobility\" \/>\n<meta property=\"og:url\" content=\"https:\/\/pruebas.fideselectronica.com\/es\/e-movilidad\/\" \/>\n<meta property=\"og:site_name\" content=\"Fides Electronica\" \/>\n<meta property=\"article:modified_time\" content=\"2025-03-12T20:00:23+00:00\" \/>\n<meta property=\"og:image\" content=\"https:\/\/pruebas.fideselectronica.com\/wp-content\/uploads\/2023\/03\/E-MOTORCYCLE-CHOPPER-MOTOR-CONTROL-POWER-ELECTRONICS.jpg\" \/>\n\t<meta property=\"og:image:width\" content=\"309\" \/>\n\t<meta property=\"og:image:height\" content=\"370\" \/>\n\t<meta property=\"og:image:type\" content=\"image\/jpeg\" \/>\n<meta name=\"twitter:card\" content=\"summary_large_image\" \/>\n<meta name=\"twitter:label1\" content=\"Tiempo de lectura\" \/>\n\t<meta name=\"twitter:data1\" content=\"1 minuto\" \/>\n<script type=\"application\/ld+json\" class=\"yoast-schema-graph\">{\"@context\":\"https:\/\/schema.org\",\"@graph\":[{\"@type\":\"WebPage\",\"@id\":\"https:\/\/pruebas.fideselectronica.com\/e-mobility\/\",\"url\":\"https:\/\/pruebas.fideselectronica.com\/e-mobility\/\",\"name\":\"E-MOBILITY - Fides Electronica\",\"isPartOf\":{\"@id\":\"https:\/\/pruebas.fideselectronica.com\/#website\"},\"primaryImageOfPage\":{\"@id\":\"https:\/\/pruebas.fideselectronica.com\/e-mobility\/#primaryimage\"},\"image\":{\"@id\":\"https:\/\/pruebas.fideselectronica.com\/e-mobility\/#primaryimage\"},\"thumbnailUrl\":\"https:\/\/pruebas.fideselectronica.com\/wp-content\/uploads\/2023\/03\/E-MOTORCYCLE-CHOPPER-MOTOR-CONTROL-POWER-ELECTRONICS.jpg\",\"datePublished\":\"2022-10-03T17:45:54+00:00\",\"dateModified\":\"2025-03-12T20:00:23+00:00\",\"description\":\"High flexibility in production due to integration of new manufacturing technologies. Project for lithium-ion batteries in e-mobility with cell contacting systems. Highest competence in the development of electronics, software and mechanics. e-mobility\",\"breadcrumb\":{\"@id\":\"https:\/\/pruebas.fideselectronica.com\/e-mobility\/#breadcrumb\"},\"inLanguage\":\"es\",\"potentialAction\":[{\"@type\":\"ReadAction\",\"target\":[\"https:\/\/pruebas.fideselectronica.com\/e-mobility\/\"]}]},{\"@type\":\"ImageObject\",\"inLanguage\":\"es\",\"@id\":\"https:\/\/pruebas.fideselectronica.com\/e-mobility\/#primaryimage\",\"url\":\"https:\/\/pruebas.fideselectronica.com\/wp-content\/uploads\/2023\/03\/E-MOTORCYCLE-CHOPPER-MOTOR-CONTROL-POWER-ELECTRONICS.jpg\",\"contentUrl\":\"https:\/\/pruebas.fideselectronica.com\/wp-content\/uploads\/2023\/03\/E-MOTORCYCLE-CHOPPER-MOTOR-CONTROL-POWER-ELECTRONICS.jpg\"},{\"@type\":\"BreadcrumbList\",\"@id\":\"https:\/\/pruebas.fideselectronica.com\/e-mobility\/#breadcrumb\",\"itemListElement\":[{\"@type\":\"ListItem\",\"position\":1,\"name\":\"Home\",\"item\":\"https:\/\/pruebas.fideselectronica.com\/\"},{\"@type\":\"ListItem\",\"position\":2,\"name\":\"E-MOBILITY\"}]},{\"@type\":\"WebSite\",\"@id\":\"https:\/\/pruebas.fideselectronica.com\/#website\",\"url\":\"https:\/\/pruebas.fideselectronica.com\/\",\"name\":\"Fides Electronica\",\"description\":\"\",\"publisher\":{\"@id\":\"https:\/\/pruebas.fideselectronica.com\/#organization\"},\"potentialAction\":[{\"@type\":\"SearchAction\",\"target\":{\"@type\":\"EntryPoint\",\"urlTemplate\":\"https:\/\/pruebas.fideselectronica.com\/?s={search_term_string}\"},\"query-input\":{\"@type\":\"PropertyValueSpecification\",\"valueRequired\":true,\"valueName\":\"search_term_string\"}}],\"inLanguage\":\"es\"},{\"@type\":\"Organization\",\"@id\":\"https:\/\/pruebas.fideselectronica.com\/#organization\",\"name\":\"Fides Electronica\",\"url\":\"https:\/\/pruebas.fideselectronica.com\/\",\"logo\":{\"@type\":\"ImageObject\",\"inLanguage\":\"es\",\"@id\":\"https:\/\/pruebas.fideselectronica.com\/#\/schema\/logo\/image\/\",\"url\":\"https:\/\/pruebas.fideselectronica.com\/wp-content\/uploads\/2022\/09\/logo-color.png\",\"contentUrl\":\"https:\/\/pruebas.fideselectronica.com\/wp-content\/uploads\/2022\/09\/logo-color.png\",\"width\":167,\"height\":52,\"caption\":\"Fides Electronica\"},\"image\":{\"@id\":\"https:\/\/pruebas.fideselectronica.com\/#\/schema\/logo\/image\/\"}}]}<\/script>\n<!-- \/ Yoast SEO plugin. -->","yoast_head_json":{"title":"E-MOBILITY - Fides Electronica","description":"High flexibility in production due to integration of new manufacturing technologies. Project for lithium-ion batteries in e-mobility with cell contacting systems. Highest competence in the development of electronics, software and mechanics. e-mobility","robots":{"index":"noindex","follow":"follow","max-snippet":"max-snippet:-1","max-image-preview":"max-image-preview:large","max-video-preview":"max-video-preview:-1"},"og_locale":"es_ES","og_type":"article","og_title":"E-MOBILITY - Fides Electronica","og_description":"High flexibility in production due to integration of new manufacturing technologies. Project for lithium-ion batteries in e-mobility with cell contacting systems. Highest competence in the development of electronics, software and mechanics. e-mobility","og_url":"https:\/\/pruebas.fideselectronica.com\/es\/e-movilidad\/","og_site_name":"Fides Electronica","article_modified_time":"2025-03-12T20:00:23+00:00","og_image":[{"width":309,"height":370,"url":"https:\/\/pruebas.fideselectronica.com\/wp-content\/uploads\/2023\/03\/E-MOTORCYCLE-CHOPPER-MOTOR-CONTROL-POWER-ELECTRONICS.jpg","type":"image\/jpeg"}],"twitter_card":"summary_large_image","twitter_misc":{"Tiempo de lectura":"1 minuto"},"schema":{"@context":"https:\/\/schema.org","@graph":[{"@type":"WebPage","@id":"https:\/\/pruebas.fideselectronica.com\/e-mobility\/","url":"https:\/\/pruebas.fideselectronica.com\/e-mobility\/","name":"E-MOBILITY - Fides Electronica","isPartOf":{"@id":"https:\/\/pruebas.fideselectronica.com\/#website"},"primaryImageOfPage":{"@id":"https:\/\/pruebas.fideselectronica.com\/e-mobility\/#primaryimage"},"image":{"@id":"https:\/\/pruebas.fideselectronica.com\/e-mobility\/#primaryimage"},"thumbnailUrl":"https:\/\/pruebas.fideselectronica.com\/wp-content\/uploads\/2023\/03\/E-MOTORCYCLE-CHOPPER-MOTOR-CONTROL-POWER-ELECTRONICS.jpg","datePublished":"2022-10-03T17:45:54+00:00","dateModified":"2025-03-12T20:00:23+00:00","description":"High flexibility in production due to integration of new manufacturing technologies. Project for lithium-ion batteries in e-mobility with cell contacting systems. Highest competence in the development of electronics, software and mechanics. e-mobility","breadcrumb":{"@id":"https:\/\/pruebas.fideselectronica.com\/e-mobility\/#breadcrumb"},"inLanguage":"es","potentialAction":[{"@type":"ReadAction","target":["https:\/\/pruebas.fideselectronica.com\/e-mobility\/"]}]},{"@type":"ImageObject","inLanguage":"es","@id":"https:\/\/pruebas.fideselectronica.com\/e-mobility\/#primaryimage","url":"https:\/\/pruebas.fideselectronica.com\/wp-content\/uploads\/2023\/03\/E-MOTORCYCLE-CHOPPER-MOTOR-CONTROL-POWER-ELECTRONICS.jpg","contentUrl":"https:\/\/pruebas.fideselectronica.com\/wp-content\/uploads\/2023\/03\/E-MOTORCYCLE-CHOPPER-MOTOR-CONTROL-POWER-ELECTRONICS.jpg"},{"@type":"BreadcrumbList","@id":"https:\/\/pruebas.fideselectronica.com\/e-mobility\/#breadcrumb","itemListElement":[{"@type":"ListItem","position":1,"name":"Home","item":"https:\/\/pruebas.fideselectronica.com\/"},{"@type":"ListItem","position":2,"name":"E-MOBILITY"}]},{"@type":"WebSite","@id":"https:\/\/pruebas.fideselectronica.com\/#website","url":"https:\/\/pruebas.fideselectronica.com\/","name":"Fides Electronica","description":"","publisher":{"@id":"https:\/\/pruebas.fideselectronica.com\/#organization"},"potentialAction":[{"@type":"SearchAction","target":{"@type":"EntryPoint","urlTemplate":"https:\/\/pruebas.fideselectronica.com\/?s={search_term_string}"},"query-input":{"@type":"PropertyValueSpecification","valueRequired":true,"valueName":"search_term_string"}}],"inLanguage":"es"},{"@type":"Organization","@id":"https:\/\/pruebas.fideselectronica.com\/#organization","name":"Fides Electronica","url":"https:\/\/pruebas.fideselectronica.com\/","logo":{"@type":"ImageObject","inLanguage":"es","@id":"https:\/\/pruebas.fideselectronica.com\/#\/schema\/logo\/image\/","url":"https:\/\/pruebas.fideselectronica.com\/wp-content\/uploads\/2022\/09\/logo-color.png","contentUrl":"https:\/\/pruebas.fideselectronica.com\/wp-content\/uploads\/2022\/09\/logo-color.png","width":167,"height":52,"caption":"Fides Electronica"},"image":{"@id":"https:\/\/pruebas.fideselectronica.com\/#\/schema\/logo\/image\/"}}]}},"_links":{"self":[{"href":"https:\/\/pruebas.fideselectronica.com\/es\/wp-json\/wp\/v2\/pages\/245","targetHints":{"allow":["GET"]}}],"collection":[{"href":"https:\/\/pruebas.fideselectronica.com\/es\/wp-json\/wp\/v2\/pages"}],"about":[{"href":"https:\/\/pruebas.fideselectronica.com\/es\/wp-json\/wp\/v2\/types\/page"}],"author":[{"embeddable":true,"href":"https:\/\/pruebas.fideselectronica.com\/es\/wp-json\/wp\/v2\/users\/1"}],"replies":[{"embeddable":true,"href":"https:\/\/pruebas.fideselectronica.com\/es\/wp-json\/wp\/v2\/comments?post=245"}],"version-history":[{"count":93,"href":"https:\/\/pruebas.fideselectronica.com\/es\/wp-json\/wp\/v2\/pages\/245\/revisions"}],"predecessor-version":[{"id":2919,"href":"https:\/\/pruebas.fideselectronica.com\/es\/wp-json\/wp\/v2\/pages\/245\/revisions\/2919"}],"wp:attachment":[{"href":"https:\/\/pruebas.fideselectronica.com\/es\/wp-json\/wp\/v2\/media?parent=245"}],"curies":[{"name":"wp","href":"https:\/\/api.w.org\/{rel}","templated":true}]}}