{"id":316,"date":"2022-10-03T20:11:13","date_gmt":"2022-10-03T20:11:13","guid":{"rendered":"https:\/\/pruebas.fideselectronica.com\/?page_id=316"},"modified":"2023-03-28T04:12:17","modified_gmt":"2023-03-28T04:12:17","slug":"s015","status":"publish","type":"page","link":"https:\/\/pruebas.fideselectronica.com\/es\/e-movilidad\/s015\/","title":{"rendered":"CONTROL DE MOTOCICLETAS EL\u00c9CTRICAS"},"content":{"rendered":"<div data-elementor-type=\"wp-page\" data-elementor-id=\"316\" class=\"elementor elementor-316\" data-elementor-post-type=\"page\">\n\t\t\t\t\t\t<section class=\"elementor-section elementor-top-section elementor-element elementor-element-3e7ab82 elementor-section-full_width elementor-section-height-default elementor-section-height-default\" data-id=\"3e7ab82\" data-element_type=\"section\" data-settings=\"{&quot;background_background&quot;:&quot;classic&quot;}\">\n\t\t\t\t\t\t<div class=\"elementor-container elementor-column-gap-default\">\n\t\t\t\t\t<div class=\"elementor-column elementor-col-100 elementor-top-column elementor-element elementor-element-896d5c9\" data-id=\"896d5c9\" data-element_type=\"column\">\n\t\t\t<div class=\"elementor-widget-wrap elementor-element-populated\">\n\t\t\t\t\t\t<section class=\"elementor-section elementor-inner-section elementor-element elementor-element-2755b52 elementor-section-full_width elementor-section-height-default elementor-section-height-default\" data-id=\"2755b52\" data-element_type=\"section\">\n\t\t\t\t\t\t<div class=\"elementor-container elementor-column-gap-default\">\n\t\t\t\t\t<div class=\"elementor-column elementor-col-50 elementor-inner-column elementor-element elementor-element-35c38d3\" data-id=\"35c38d3\" data-element_type=\"column\" data-settings=\"{&quot;background_background&quot;:&quot;classic&quot;}\">\n\t\t\t<div class=\"elementor-widget-wrap elementor-element-populated\">\n\t\t\t\t\t\t<div class=\"elementor-element elementor-element-995fad1 elementor-widget elementor-widget-heading\" data-id=\"995fad1\" data-element_type=\"widget\" data-widget_type=\"heading.default\">\n\t\t\t\t<div class=\"elementor-widget-container\">\n\t\t\t\t\t<h2 class=\"elementor-heading-title elementor-size-default\">MOVILIDAD EL\u00c9CTRICA<\/h2>\t\t\t\t<\/div>\n\t\t\t\t<\/div>\n\t\t\t\t<div class=\"elementor-element elementor-element-b0607e3 elementor-widget elementor-widget-heading\" data-id=\"b0607e3\" data-element_type=\"widget\" data-widget_type=\"heading.default\">\n\t\t\t\t<div class=\"elementor-widget-container\">\n\t\t\t\t\t<h2 class=\"elementor-heading-title elementor-size-default\">DISE\u00d1OS PARA EL CONTROL<br> DE MOVILIDAD EL\u00c9CTRICA<\/h2>\t\t\t\t<\/div>\n\t\t\t\t<\/div>\n\t\t\t\t\t<\/div>\n\t\t<\/div>\n\t\t\t\t<div class=\"elementor-column elementor-col-50 elementor-inner-column elementor-element elementor-element-adcb7b0\" data-id=\"adcb7b0\" data-element_type=\"column\">\n\t\t\t<div class=\"elementor-widget-wrap\">\n\t\t\t\t\t\t\t<\/div>\n\t\t<\/div>\n\t\t\t\t\t<\/div>\n\t\t<\/section>\n\t\t\t\t\t<\/div>\n\t\t<\/div>\n\t\t\t\t\t<\/div>\n\t\t<\/section>\n\t\t\t\t<section class=\"elementor-section elementor-top-section elementor-element elementor-element-9d5e62a elementor-section-boxed elementor-section-height-default elementor-section-height-default\" data-id=\"9d5e62a\" data-element_type=\"section\" data-settings=\"{&quot;background_background&quot;:&quot;classic&quot;}\">\n\t\t\t\t\t\t<div class=\"elementor-container elementor-column-gap-default\">\n\t\t\t\t\t<div class=\"elementor-column elementor-col-100 elementor-top-column elementor-element elementor-element-6792f76\" data-id=\"6792f76\" data-element_type=\"column\">\n\t\t\t<div class=\"elementor-widget-wrap elementor-element-populated\">\n\t\t\t\t\t\t<div class=\"elementor-element elementor-element-6d3aff2 elementor-widget elementor-widget-breadcrumbs\" data-id=\"6d3aff2\" data-element_type=\"widget\" data-widget_type=\"breadcrumbs.default\">\n\t\t\t\t<div class=\"elementor-widget-container\">\n\t\t\t\t\t<p id=\"breadcrumbs\">\t\/\n<span><span><a href=\"https:\/\/pruebas.fideselectronica.com\/es\/\">Inicio<\/a><\/span><\/span><\/p>\t\t\t\t<\/div>\n\t\t\t\t<\/div>\n\t\t\t\t\t<\/div>\n\t\t<\/div>\n\t\t\t\t\t<\/div>\n\t\t<\/section>\n\t\t\t\t<section class=\"elementor-section elementor-top-section elementor-element elementor-element-bc35ec0 elementor-section-boxed elementor-section-height-default elementor-section-height-default\" data-id=\"bc35ec0\" data-element_type=\"section\" data-settings=\"{&quot;background_background&quot;:&quot;classic&quot;}\">\n\t\t\t\t\t\t<div class=\"elementor-container elementor-column-gap-default\">\n\t\t\t\t\t<div class=\"elementor-column elementor-col-100 elementor-top-column elementor-element elementor-element-8893a5e\" data-id=\"8893a5e\" data-element_type=\"column\">\n\t\t\t<div class=\"elementor-widget-wrap elementor-element-populated\">\n\t\t\t\t\t\t<section class=\"elementor-section elementor-inner-section elementor-element elementor-element-625038a elementor-section-boxed elementor-section-height-default elementor-section-height-default\" data-id=\"625038a\" data-element_type=\"section\">\n\t\t\t\t\t\t<div class=\"elementor-container elementor-column-gap-default\">\n\t\t\t\t\t<div class=\"elementor-column elementor-col-50 elementor-inner-column elementor-element elementor-element-ed00960\" data-id=\"ed00960\" data-element_type=\"column\" data-settings=\"{&quot;background_background&quot;:&quot;classic&quot;}\">\n\t\t\t<div class=\"elementor-widget-wrap elementor-element-populated\">\n\t\t\t\t\t\t<div class=\"elementor-element elementor-element-dac562a elementor-widget elementor-widget-heading\" data-id=\"dac562a\" data-element_type=\"widget\" data-widget_type=\"heading.default\">\n\t\t\t\t<div class=\"elementor-widget-container\">\n\t\t\t\t\t<h2 class=\"elementor-heading-title elementor-size-default\">E-MOTO \/ CONTROL DE MOTOR CHOPPER \/ ELECTR\u00d3NICA DE POTENCIA<\/h2>\t\t\t\t<\/div>\n\t\t\t\t<\/div>\n\t\t\t\t<div class=\"elementor-element elementor-element-6e98eab elementor-widget elementor-widget-heading\" data-id=\"6e98eab\" data-element_type=\"widget\" data-widget_type=\"heading.default\">\n\t\t\t\t<div class=\"elementor-widget-container\">\n\t\t\t\t\t<h2 class=\"elementor-heading-title elementor-size-default\">Control de motocicletas el\u00e9ctricas<\/h2>\t\t\t\t<\/div>\n\t\t\t\t<\/div>\n\t\t\t\t<div class=\"elementor-element elementor-element-86151a2 elementor-widget elementor-widget-text-editor\" data-id=\"86151a2\" data-element_type=\"widget\" data-widget_type=\"text-editor.default\">\n\t\t\t\t<div class=\"elementor-widget-container\">\n\t\t\t\t\t\t\t\t\t<p class=\"translation-block\"><strong>Veh\u00edculos el\u00e9ctricos<\/strong><br>En Fides Electr\u00f3nica participamos en la investigaci\u00f3n y desarrollo de productos innovadores que integran sistemas de control electr\u00f3nico en motores el\u00e9ctricos para bicicletas y motocicletas. Nuestro objetivo es incorporar sistemas de asistencia al pedaleo eficientes, ecol\u00f3gicos y competitivos en bicicletas el\u00e9ctricas.<\/p>\t\t\t\t\t\t\t\t<\/div>\n\t\t\t\t<\/div>\n\t\t\t\t\t<\/div>\n\t\t<\/div>\n\t\t\t\t<div class=\"elementor-column elementor-col-50 elementor-inner-column elementor-element elementor-element-becd0a1\" data-id=\"becd0a1\" data-element_type=\"column\">\n\t\t\t<div class=\"elementor-widget-wrap elementor-element-populated\">\n\t\t\t\t\t\t<div class=\"elementor-element elementor-element-80339ca elementor-arrows-position-inside elementor-widget elementor-widget-image-carousel\" data-id=\"80339ca\" data-element_type=\"widget\" data-settings=\"{&quot;slides_to_show&quot;:&quot;1&quot;,&quot;navigation&quot;:&quot;arrows&quot;,&quot;autoplay&quot;:&quot;yes&quot;,&quot;pause_on_hover&quot;:&quot;yes&quot;,&quot;pause_on_interaction&quot;:&quot;yes&quot;,&quot;autoplay_speed&quot;:5000,&quot;infinite&quot;:&quot;yes&quot;,&quot;effect&quot;:&quot;slide&quot;,&quot;speed&quot;:500}\" data-widget_type=\"image-carousel.default\">\n\t\t\t\t<div class=\"elementor-widget-container\">\n\t\t\t\t\t\t\t<div class=\"elementor-image-carousel-wrapper swiper\" role=\"region\" aria-roledescription=\"carousel\" aria-label=\"Carrusel de im\u00e1genes\" dir=\"ltr\">\n\t\t\t<div class=\"elementor-image-carousel swiper-wrapper\" aria-live=\"off\">\n\t\t\t\t\t\t\t\t<div class=\"swiper-slide\" role=\"group\" aria-roledescription=\"slide\" aria-label=\"1 de 2\"><figure class=\"swiper-slide-inner\"><img decoding=\"async\" class=\"swiper-slide-image\" src=\"https:\/\/pruebas.fideselectronica.com\/wp-content\/uploads\/2023\/03\/121A2872-emobility-S015.jpg\" alt=\"121A2872 emobility S015\" \/><\/figure><\/div><div class=\"swiper-slide\" role=\"group\" aria-roledescription=\"slide\" aria-label=\"2 de 2\"><figure class=\"swiper-slide-inner\"><img decoding=\"async\" class=\"swiper-slide-image\" src=\"https:\/\/pruebas.fideselectronica.com\/wp-content\/uploads\/2023\/03\/121A3219-emobility-S015.jpg\" alt=\"121A3219 emobility S015\" \/><\/figure><\/div>\t\t\t<\/div>\n\t\t\t\t\t\t\t\t\t\t\t\t<div class=\"elementor-swiper-button elementor-swiper-button-prev\" role=\"button\" tabindex=\"0\">\n\t\t\t\t\t\t<i aria-hidden=\"true\" class=\"eicon-chevron-left\"><\/i>\t\t\t\t\t<\/div>\n\t\t\t\t\t<div class=\"elementor-swiper-button elementor-swiper-button-next\" role=\"button\" tabindex=\"0\">\n\t\t\t\t\t\t<i aria-hidden=\"true\" class=\"eicon-chevron-right\"><\/i>\t\t\t\t\t<\/div>\n\t\t\t\t\n\t\t\t\t\t\t\t\t\t<\/div>\n\t\t\t\t\t\t<\/div>\n\t\t\t\t<\/div>\n\t\t\t\t\t<\/div>\n\t\t<\/div>\n\t\t\t\t\t<\/div>\n\t\t<\/section>\n\t\t\t\t\t<\/div>\n\t\t<\/div>\n\t\t\t\t\t<\/div>\n\t\t<\/section>\n\t\t\t\t<\/div>","protected":false},"excerpt":{"rendered":"<p>E-MOBILITY ELEMENTS FOR ELECTRIC MOBILITY CONTROL E-MOTORCYCLE \/ CHOPPER MOTOR CONTROL \/ POWER ELECTRONICS Electric motorcycle control Electrical vehiclesFides Electronica takes part in the Research of new innovative products that allow using electronic controls incorporated in electrical motors for bicycles and motorcycles. The aim is to incorporate efficient, ecological and competitive pedaling assistance systems in [&hellip;]<\/p>","protected":false},"author":1,"featured_media":0,"parent":245,"menu_order":0,"comment_status":"closed","ping_status":"closed","template":"elementor_header_footer","meta":{"content-type":"","site-sidebar-layout":"no-sidebar","site-content-layout":"page-builder","ast-site-content-layout":"","site-content-style":"default","site-sidebar-style":"default","ast-global-header-display":"","ast-banner-title-visibility":"","ast-main-header-display":"","ast-hfb-above-header-display":"","ast-hfb-below-header-display":"","ast-hfb-mobile-header-display":"","site-post-title":"disabled","ast-breadcrumbs-content":"","ast-featured-img":"disabled","footer-sml-layout":"","theme-transparent-header-meta":"default","adv-header-id-meta":"","stick-header-meta":"","header-above-stick-meta":"","header-main-stick-meta":"","header-below-stick-meta":"","astra-migrate-meta-layouts":"default","ast-page-background-enabled":"default","ast-page-background-meta":{"desktop":{"background-color":"var(--ast-global-color-4)","background-image":"","background-repeat":"repeat","background-position":"center center","background-size":"auto","background-attachment":"scroll","background-type":"","background-media":"","overlay-type":"","overlay-color":"","overlay-opacity":"","overlay-gradient":""},"tablet":{"background-color":"","background-image":"","background-repeat":"repeat","background-position":"center center","background-size":"auto","background-attachment":"scroll","background-type":"","background-media":"","overlay-type":"","overlay-color":"","overlay-opacity":"","overlay-gradient":""},"mobile":{"background-color":"","background-image":"","background-repeat":"repeat","background-position":"center center","background-size":"auto","background-attachment":"scroll","background-type":"","background-media":"","overlay-type":"","overlay-color":"","overlay-opacity":"","overlay-gradient":""}},"ast-content-background-meta":{"desktop":{"background-color":"var(--ast-global-color-5)","background-image":"","background-repeat":"repeat","background-position":"center center","background-size":"auto","background-attachment":"scroll","background-type":"","background-media":"","overlay-type":"","overlay-color":"","overlay-opacity":"","overlay-gradient":""},"tablet":{"background-color":"var(--ast-global-color-5)","background-image":"","background-repeat":"repeat","background-position":"center center","background-size":"auto","background-attachment":"scroll","background-type":"","background-media":"","overlay-type":"","overlay-color":"","overlay-opacity":"","overlay-gradient":""},"mobile":{"background-color":"var(--ast-global-color-5)","background-image":"","background-repeat":"repeat","background-position":"center center","background-size":"auto","background-attachment":"scroll","background-type":"","background-media":"","overlay-type":"","overlay-color":"","overlay-opacity":"","overlay-gradient":""}},"_joinchat":[],"footnotes":""},"class_list":["post-316","page","type-page","status-publish","hentry"],"yoast_head":"<!-- This site is optimized with the Yoast SEO plugin v24.6 - https:\/\/yoast.com\/wordpress\/plugins\/seo\/ -->\n<title>ELECTRIC MOTORCYCLE CONTROL - Fides Electronica<\/title>\n<meta name=\"robots\" content=\"noindex, follow, max-snippet:-1, max-image-preview:large, max-video-preview:-1\" \/>\n<meta property=\"og:locale\" content=\"es_ES\" \/>\n<meta property=\"og:type\" content=\"article\" \/>\n<meta property=\"og:title\" content=\"ELECTRIC MOTORCYCLE CONTROL - Fides Electronica\" \/>\n<meta property=\"og:description\" content=\"E-MOBILITY ELEMENTS FOR ELECTRIC MOBILITY CONTROL E-MOTORCYCLE \/ CHOPPER MOTOR CONTROL \/ POWER ELECTRONICS Electric motorcycle control Electrical vehiclesFides Electronica takes part in the Research of new innovative products that allow using electronic controls incorporated in electrical motors for bicycles and motorcycles. The aim is to incorporate efficient, ecological and competitive pedaling assistance systems in [&hellip;]\" \/>\n<meta property=\"og:url\" content=\"https:\/\/pruebas.fideselectronica.com\/es\/e-movilidad\/s015\/\" \/>\n<meta property=\"og:site_name\" content=\"Fides Electronica\" \/>\n<meta property=\"article:modified_time\" content=\"2023-03-28T04:12:17+00:00\" \/>\n<meta property=\"og:image\" content=\"https:\/\/pruebas.fideselectronica.com\/wp-content\/uploads\/2023\/03\/121A2872-emobility-S015.jpg\" \/>\n<meta name=\"twitter:card\" content=\"summary_large_image\" \/>\n<meta name=\"twitter:label1\" content=\"Tiempo de lectura\" \/>\n\t<meta name=\"twitter:data1\" content=\"2 minutos\" \/>\n<script type=\"application\/ld+json\" class=\"yoast-schema-graph\">{\"@context\":\"https:\/\/schema.org\",\"@graph\":[{\"@type\":\"WebPage\",\"@id\":\"https:\/\/pruebas.fideselectronica.com\/e-mobility\/s015\/\",\"url\":\"https:\/\/pruebas.fideselectronica.com\/e-mobility\/s015\/\",\"name\":\"ELECTRIC MOTORCYCLE CONTROL - Fides Electronica\",\"isPartOf\":{\"@id\":\"https:\/\/pruebas.fideselectronica.com\/#website\"},\"primaryImageOfPage\":{\"@id\":\"https:\/\/pruebas.fideselectronica.com\/e-mobility\/s015\/#primaryimage\"},\"image\":{\"@id\":\"https:\/\/pruebas.fideselectronica.com\/e-mobility\/s015\/#primaryimage\"},\"thumbnailUrl\":\"https:\/\/pruebas.fideselectronica.com\/wp-content\/uploads\/2023\/03\/121A2872-emobility-S015.jpg\",\"datePublished\":\"2022-10-03T20:11:13+00:00\",\"dateModified\":\"2023-03-28T04:12:17+00:00\",\"breadcrumb\":{\"@id\":\"https:\/\/pruebas.fideselectronica.com\/e-mobility\/s015\/#breadcrumb\"},\"inLanguage\":\"es\",\"potentialAction\":[{\"@type\":\"ReadAction\",\"target\":[\"https:\/\/pruebas.fideselectronica.com\/e-mobility\/s015\/\"]}]},{\"@type\":\"ImageObject\",\"inLanguage\":\"es\",\"@id\":\"https:\/\/pruebas.fideselectronica.com\/e-mobility\/s015\/#primaryimage\",\"url\":\"https:\/\/pruebas.fideselectronica.com\/wp-content\/uploads\/2023\/03\/121A2872-emobility-S015.jpg\",\"contentUrl\":\"https:\/\/pruebas.fideselectronica.com\/wp-content\/uploads\/2023\/03\/121A2872-emobility-S015.jpg\"},{\"@type\":\"BreadcrumbList\",\"@id\":\"https:\/\/pruebas.fideselectronica.com\/e-mobility\/s015\/#breadcrumb\",\"itemListElement\":[{\"@type\":\"ListItem\",\"position\":1,\"name\":\"Home\",\"item\":\"https:\/\/pruebas.fideselectronica.com\/\"},{\"@type\":\"ListItem\",\"position\":2,\"name\":\"E-MOBILITY\",\"item\":\"https:\/\/pruebas.fideselectronica.com\/e-mobility\/\"},{\"@type\":\"ListItem\",\"position\":3,\"name\":\"ELECTRIC MOTORCYCLE CONTROL\"}]},{\"@type\":\"WebSite\",\"@id\":\"https:\/\/pruebas.fideselectronica.com\/#website\",\"url\":\"https:\/\/pruebas.fideselectronica.com\/\",\"name\":\"Fides Electronica\",\"description\":\"\",\"publisher\":{\"@id\":\"https:\/\/pruebas.fideselectronica.com\/#organization\"},\"potentialAction\":[{\"@type\":\"SearchAction\",\"target\":{\"@type\":\"EntryPoint\",\"urlTemplate\":\"https:\/\/pruebas.fideselectronica.com\/?s={search_term_string}\"},\"query-input\":{\"@type\":\"PropertyValueSpecification\",\"valueRequired\":true,\"valueName\":\"search_term_string\"}}],\"inLanguage\":\"es\"},{\"@type\":\"Organization\",\"@id\":\"https:\/\/pruebas.fideselectronica.com\/#organization\",\"name\":\"Fides Electronica\",\"url\":\"https:\/\/pruebas.fideselectronica.com\/\",\"logo\":{\"@type\":\"ImageObject\",\"inLanguage\":\"es\",\"@id\":\"https:\/\/pruebas.fideselectronica.com\/#\/schema\/logo\/image\/\",\"url\":\"https:\/\/pruebas.fideselectronica.com\/wp-content\/uploads\/2022\/09\/logo-color.png\",\"contentUrl\":\"https:\/\/pruebas.fideselectronica.com\/wp-content\/uploads\/2022\/09\/logo-color.png\",\"width\":167,\"height\":52,\"caption\":\"Fides Electronica\"},\"image\":{\"@id\":\"https:\/\/pruebas.fideselectronica.com\/#\/schema\/logo\/image\/\"}}]}<\/script>\n<!-- \/ Yoast SEO plugin. -->","yoast_head_json":{"title":"ELECTRIC MOTORCYCLE CONTROL - Fides Electronica","robots":{"index":"noindex","follow":"follow","max-snippet":"max-snippet:-1","max-image-preview":"max-image-preview:large","max-video-preview":"max-video-preview:-1"},"og_locale":"es_ES","og_type":"article","og_title":"ELECTRIC MOTORCYCLE CONTROL - Fides Electronica","og_description":"E-MOBILITY ELEMENTS FOR ELECTRIC MOBILITY CONTROL E-MOTORCYCLE \/ CHOPPER MOTOR CONTROL \/ POWER ELECTRONICS Electric motorcycle control Electrical vehiclesFides Electronica takes part in the Research of new innovative products that allow using electronic controls incorporated in electrical motors for bicycles and motorcycles. The aim is to incorporate efficient, ecological and competitive pedaling assistance systems in [&hellip;]","og_url":"https:\/\/pruebas.fideselectronica.com\/es\/e-movilidad\/s015\/","og_site_name":"Fides Electronica","article_modified_time":"2023-03-28T04:12:17+00:00","og_image":[{"url":"https:\/\/pruebas.fideselectronica.com\/wp-content\/uploads\/2023\/03\/121A2872-emobility-S015.jpg","type":"","width":"","height":""}],"twitter_card":"summary_large_image","twitter_misc":{"Tiempo de lectura":"2 minutos"},"schema":{"@context":"https:\/\/schema.org","@graph":[{"@type":"WebPage","@id":"https:\/\/pruebas.fideselectronica.com\/e-mobility\/s015\/","url":"https:\/\/pruebas.fideselectronica.com\/e-mobility\/s015\/","name":"ELECTRIC MOTORCYCLE CONTROL - Fides Electronica","isPartOf":{"@id":"https:\/\/pruebas.fideselectronica.com\/#website"},"primaryImageOfPage":{"@id":"https:\/\/pruebas.fideselectronica.com\/e-mobility\/s015\/#primaryimage"},"image":{"@id":"https:\/\/pruebas.fideselectronica.com\/e-mobility\/s015\/#primaryimage"},"thumbnailUrl":"https:\/\/pruebas.fideselectronica.com\/wp-content\/uploads\/2023\/03\/121A2872-emobility-S015.jpg","datePublished":"2022-10-03T20:11:13+00:00","dateModified":"2023-03-28T04:12:17+00:00","breadcrumb":{"@id":"https:\/\/pruebas.fideselectronica.com\/e-mobility\/s015\/#breadcrumb"},"inLanguage":"es","potentialAction":[{"@type":"ReadAction","target":["https:\/\/pruebas.fideselectronica.com\/e-mobility\/s015\/"]}]},{"@type":"ImageObject","inLanguage":"es","@id":"https:\/\/pruebas.fideselectronica.com\/e-mobility\/s015\/#primaryimage","url":"https:\/\/pruebas.fideselectronica.com\/wp-content\/uploads\/2023\/03\/121A2872-emobility-S015.jpg","contentUrl":"https:\/\/pruebas.fideselectronica.com\/wp-content\/uploads\/2023\/03\/121A2872-emobility-S015.jpg"},{"@type":"BreadcrumbList","@id":"https:\/\/pruebas.fideselectronica.com\/e-mobility\/s015\/#breadcrumb","itemListElement":[{"@type":"ListItem","position":1,"name":"Home","item":"https:\/\/pruebas.fideselectronica.com\/"},{"@type":"ListItem","position":2,"name":"E-MOBILITY","item":"https:\/\/pruebas.fideselectronica.com\/e-mobility\/"},{"@type":"ListItem","position":3,"name":"ELECTRIC MOTORCYCLE CONTROL"}]},{"@type":"WebSite","@id":"https:\/\/pruebas.fideselectronica.com\/#website","url":"https:\/\/pruebas.fideselectronica.com\/","name":"Fides Electronica","description":"","publisher":{"@id":"https:\/\/pruebas.fideselectronica.com\/#organization"},"potentialAction":[{"@type":"SearchAction","target":{"@type":"EntryPoint","urlTemplate":"https:\/\/pruebas.fideselectronica.com\/?s={search_term_string}"},"query-input":{"@type":"PropertyValueSpecification","valueRequired":true,"valueName":"search_term_string"}}],"inLanguage":"es"},{"@type":"Organization","@id":"https:\/\/pruebas.fideselectronica.com\/#organization","name":"Fides Electronica","url":"https:\/\/pruebas.fideselectronica.com\/","logo":{"@type":"ImageObject","inLanguage":"es","@id":"https:\/\/pruebas.fideselectronica.com\/#\/schema\/logo\/image\/","url":"https:\/\/pruebas.fideselectronica.com\/wp-content\/uploads\/2022\/09\/logo-color.png","contentUrl":"https:\/\/pruebas.fideselectronica.com\/wp-content\/uploads\/2022\/09\/logo-color.png","width":167,"height":52,"caption":"Fides Electronica"},"image":{"@id":"https:\/\/pruebas.fideselectronica.com\/#\/schema\/logo\/image\/"}}]}},"_links":{"self":[{"href":"https:\/\/pruebas.fideselectronica.com\/es\/wp-json\/wp\/v2\/pages\/316","targetHints":{"allow":["GET"]}}],"collection":[{"href":"https:\/\/pruebas.fideselectronica.com\/es\/wp-json\/wp\/v2\/pages"}],"about":[{"href":"https:\/\/pruebas.fideselectronica.com\/es\/wp-json\/wp\/v2\/types\/page"}],"author":[{"embeddable":true,"href":"https:\/\/pruebas.fideselectronica.com\/es\/wp-json\/wp\/v2\/users\/1"}],"replies":[{"embeddable":true,"href":"https:\/\/pruebas.fideselectronica.com\/es\/wp-json\/wp\/v2\/comments?post=316"}],"version-history":[{"count":44,"href":"https:\/\/pruebas.fideselectronica.com\/es\/wp-json\/wp\/v2\/pages\/316\/revisions"}],"predecessor-version":[{"id":2355,"href":"https:\/\/pruebas.fideselectronica.com\/es\/wp-json\/wp\/v2\/pages\/316\/revisions\/2355"}],"up":[{"embeddable":true,"href":"https:\/\/pruebas.fideselectronica.com\/es\/wp-json\/wp\/v2\/pages\/245"}],"wp:attachment":[{"href":"https:\/\/pruebas.fideselectronica.com\/es\/wp-json\/wp\/v2\/media?parent=316"}],"curies":[{"name":"wp","href":"https:\/\/api.w.org\/{rel}","templated":true}]}}