{"id":845,"date":"2022-11-04T02:38:33","date_gmt":"2022-11-04T02:38:33","guid":{"rendered":"https:\/\/pruebas.fideselectronica.com\/?page_id=845"},"modified":"2023-10-17T00:08:45","modified_gmt":"2023-10-17T00:08:45","slug":"fabricacion","status":"publish","type":"page","link":"https:\/\/pruebas.fideselectronica.com\/es\/fabricacion\/","title":{"rendered":"FABRICACI\u00d3N"},"content":{"rendered":"<div data-elementor-type=\"wp-page\" data-elementor-id=\"845\" class=\"elementor elementor-845\" data-elementor-post-type=\"page\">\n\t\t\t\t\t\t<section class=\"elementor-section elementor-top-section elementor-element elementor-element-208d7f0 elementor-section-boxed elementor-section-height-default elementor-section-height-default\" data-id=\"208d7f0\" data-element_type=\"section\" data-settings=\"{&quot;background_background&quot;:&quot;classic&quot;}\">\n\t\t\t\t\t\t<div class=\"elementor-container elementor-column-gap-default\">\n\t\t\t\t\t<div class=\"elementor-column elementor-col-100 elementor-top-column elementor-element elementor-element-61bd03c\" data-id=\"61bd03c\" data-element_type=\"column\">\n\t\t\t<div class=\"elementor-widget-wrap elementor-element-populated\">\n\t\t\t\t\t\t<div class=\"elementor-element elementor-element-9f68d3b elementor-widget elementor-widget-heading\" data-id=\"9f68d3b\" data-element_type=\"widget\" data-widget_type=\"heading.default\">\n\t\t\t\t<div class=\"elementor-widget-container\">\n\t\t\t\t\t<h2 class=\"elementor-heading-title elementor-size-default\">\/ FABRICACI\u00d3N<\/h2>\t\t\t\t<\/div>\n\t\t\t\t<\/div>\n\t\t\t\t\t<\/div>\n\t\t<\/div>\n\t\t\t\t\t<\/div>\n\t\t<\/section>\n\t\t\t\t<section class=\"elementor-section elementor-top-section elementor-element elementor-element-b41539c elementor-section-boxed elementor-section-height-default elementor-section-height-default\" data-id=\"b41539c\" data-element_type=\"section\" data-settings=\"{&quot;background_background&quot;:&quot;classic&quot;}\">\n\t\t\t\t\t\t<div class=\"elementor-container elementor-column-gap-default\">\n\t\t\t\t\t<div class=\"elementor-column elementor-col-50 elementor-top-column elementor-element elementor-element-c995836\" data-id=\"c995836\" data-element_type=\"column\">\n\t\t\t<div class=\"elementor-widget-wrap elementor-element-populated\">\n\t\t\t\t\t\t<div class=\"elementor-element elementor-element-1f3cda6 elementor-widget elementor-widget-image\" data-id=\"1f3cda6\" data-element_type=\"widget\" data-widget_type=\"image.default\">\n\t\t\t\t<div class=\"elementor-widget-container\">\n\t\t\t\t\t\t\t\t\t\t\t\t\t\t\t<img fetchpriority=\"high\" decoding=\"async\" width=\"770\" height=\"359\" src=\"https:\/\/pruebas.fideselectronica.com\/wp-content\/uploads\/2023\/03\/PC-ASSEMBLY.jpg\" class=\"attachment-large size-large wp-image-2172\" alt=\"\" srcset=\"https:\/\/pruebas.fideselectronica.com\/wp-content\/uploads\/2023\/03\/PC-ASSEMBLY.jpg 770w, https:\/\/pruebas.fideselectronica.com\/wp-content\/uploads\/2023\/03\/PC-ASSEMBLY-300x140.jpg 300w, https:\/\/pruebas.fideselectronica.com\/wp-content\/uploads\/2023\/03\/PC-ASSEMBLY-768x358.jpg 768w\" sizes=\"(max-width: 770px) 100vw, 770px\" \/>\t\t\t\t\t\t\t\t\t\t\t\t\t\t\t<\/div>\n\t\t\t\t<\/div>\n\t\t\t\t<div class=\"elementor-element elementor-element-1a3fbc1 elementor-widget elementor-widget-heading\" data-id=\"1a3fbc1\" data-element_type=\"widget\" data-widget_type=\"heading.default\">\n\t\t\t\t<div class=\"elementor-widget-container\">\n\t\t\t\t\t<h2 class=\"elementor-heading-title elementor-size-default\">ENSAMBLAJE DE PLACAS DE CIRCUITO IMPRESO (PCB)<\/h2>\t\t\t\t<\/div>\n\t\t\t\t<\/div>\n\t\t\t\t<div class=\"elementor-element elementor-element-e889edd elementor-widget elementor-widget-text-editor\" data-id=\"e889edd\" data-element_type=\"widget\" data-widget_type=\"text-editor.default\">\n\t\t\t\t<div class=\"elementor-widget-container\">\n\t\t\t\t\t\t\t\t\t<p>Somos expertos en el ensamblaje de componentes electr\u00f3nicos. Contamos con la mejor tecnolog\u00eda de producci\u00f3n y nuestras l\u00edneas fabrican m\u00e1s de 500.000 productos electr\u00f3nicos al a\u00f1o.<\/p>\t\t\t\t\t\t\t\t<\/div>\n\t\t\t\t<\/div>\n\t\t\t\t\t<\/div>\n\t\t<\/div>\n\t\t\t\t<div class=\"elementor-column elementor-col-50 elementor-top-column elementor-element elementor-element-fea59fc\" data-id=\"fea59fc\" data-element_type=\"column\">\n\t\t\t<div class=\"elementor-widget-wrap elementor-element-populated\">\n\t\t\t\t\t\t<div class=\"elementor-element elementor-element-b9c6ac4 elementor-widget elementor-widget-image\" data-id=\"b9c6ac4\" data-element_type=\"widget\" data-widget_type=\"image.default\">\n\t\t\t\t<div class=\"elementor-widget-container\">\n\t\t\t\t\t\t\t\t\t\t\t\t\t\t\t<img decoding=\"async\" width=\"770\" height=\"359\" src=\"https:\/\/pruebas.fideselectronica.com\/wp-content\/uploads\/2022\/11\/shutterstock_1868709586.jpg\" class=\"attachment-large size-large wp-image-860\" alt=\"\" srcset=\"https:\/\/pruebas.fideselectronica.com\/wp-content\/uploads\/2022\/11\/shutterstock_1868709586.jpg 770w, https:\/\/pruebas.fideselectronica.com\/wp-content\/uploads\/2022\/11\/shutterstock_1868709586-300x140.jpg 300w, https:\/\/pruebas.fideselectronica.com\/wp-content\/uploads\/2022\/11\/shutterstock_1868709586-768x358.jpg 768w\" sizes=\"(max-width: 770px) 100vw, 770px\" \/>\t\t\t\t\t\t\t\t\t\t\t\t\t\t\t<\/div>\n\t\t\t\t<\/div>\n\t\t\t\t<div class=\"elementor-element elementor-element-087de49 elementor-widget elementor-widget-heading\" data-id=\"087de49\" data-element_type=\"widget\" data-widget_type=\"heading.default\">\n\t\t\t\t<div class=\"elementor-widget-container\">\n\t\t\t\t\t<h2 class=\"elementor-heading-title elementor-size-default\">ENCAPSULADO DE COMPONENTES ELECTR\u00d3NICOS \/ REVESTIMIENTO DE CONFORMACI\u00d3N<\/h2>\t\t\t\t<\/div>\n\t\t\t\t<\/div>\n\t\t\t\t<div class=\"elementor-element elementor-element-1b7eb55 elementor-widget elementor-widget-text-editor\" data-id=\"1b7eb55\" data-element_type=\"widget\" data-widget_type=\"text-editor.default\">\n\t\t\t\t<div class=\"elementor-widget-container\">\n\t\t\t\t\t\t\t\t\t<p>Nuestra l\u00ednea de recubrimiento selectivo para placas de circuito impreso forma parte esencial de nuestro portfolio tecnol\u00f3gico y nos permite ofrecer tratamientos de tropicalizaci\u00f3n, tanto por una como por ambas caras, seg\u00fan las necesidades del cliente.<\/p><p>Adem\u00e1s, nuestra estaci\u00f3n de encapsulado (con resinas bicomponentes de poliuretano) nos permite garantizar una protecci\u00f3n total frente a polvo, agua y agentes qu\u00edmicos, ideal para dise\u00f1os m\u00e1s robustos destinados a productos de exterior o entornos especialmente agresivos.<\/p>\t\t\t\t\t\t\t\t<\/div>\n\t\t\t\t<\/div>\n\t\t\t\t\t<\/div>\n\t\t<\/div>\n\t\t\t\t\t<\/div>\n\t\t<\/section>\n\t\t\t\t<section class=\"elementor-section elementor-top-section elementor-element elementor-element-6603fed elementor-section-boxed elementor-section-height-default elementor-section-height-default\" data-id=\"6603fed\" data-element_type=\"section\" data-settings=\"{&quot;background_background&quot;:&quot;classic&quot;}\">\n\t\t\t\t\t\t<div class=\"elementor-container elementor-column-gap-default\">\n\t\t\t\t\t<div class=\"elementor-column elementor-col-50 elementor-top-column elementor-element elementor-element-bab7819\" data-id=\"bab7819\" data-element_type=\"column\">\n\t\t\t<div class=\"elementor-widget-wrap elementor-element-populated\">\n\t\t\t\t\t\t<div class=\"elementor-element elementor-element-8b3ee6a elementor-widget elementor-widget-image\" data-id=\"8b3ee6a\" data-element_type=\"widget\" data-widget_type=\"image.default\">\n\t\t\t\t<div class=\"elementor-widget-container\">\n\t\t\t\t\t\t\t\t\t\t\t\t\t\t\t<img decoding=\"async\" width=\"770\" height=\"359\" src=\"https:\/\/pruebas.fideselectronica.com\/wp-content\/uploads\/2022\/11\/shutterstock_422451454.jpg\" class=\"attachment-large size-large wp-image-856\" alt=\"\" srcset=\"https:\/\/pruebas.fideselectronica.com\/wp-content\/uploads\/2022\/11\/shutterstock_422451454.jpg 770w, https:\/\/pruebas.fideselectronica.com\/wp-content\/uploads\/2022\/11\/shutterstock_422451454-300x140.jpg 300w, https:\/\/pruebas.fideselectronica.com\/wp-content\/uploads\/2022\/11\/shutterstock_422451454-768x358.jpg 768w\" sizes=\"(max-width: 770px) 100vw, 770px\" \/>\t\t\t\t\t\t\t\t\t\t\t\t\t\t\t<\/div>\n\t\t\t\t<\/div>\n\t\t\t\t<div class=\"elementor-element elementor-element-5032e8c elementor-widget elementor-widget-heading\" data-id=\"5032e8c\" data-element_type=\"widget\" data-widget_type=\"heading.default\">\n\t\t\t\t<div class=\"elementor-widget-container\">\n\t\t\t\t\t<h2 class=\"elementor-heading-title elementor-size-default\">SISTEMAS DE TEST<\/h2>\t\t\t\t<\/div>\n\t\t\t\t<\/div>\n\t\t\t\t<div class=\"elementor-element elementor-element-22cee1f elementor-widget elementor-widget-text-editor\" data-id=\"22cee1f\" data-element_type=\"widget\" data-widget_type=\"text-editor.default\">\n\t\t\t\t<div class=\"elementor-widget-container\">\n\t\t\t\t\t\t\t\t\t<p>Gracias a nuestros sistemas de prueba desarrollados internamente para la fabricaci\u00f3n electr\u00f3nica, elevamos la calidad del producto y la eficiencia de costes al m\u00e1ximo nivel.<\/p>\t\t\t\t\t\t\t\t<\/div>\n\t\t\t\t<\/div>\n\t\t\t\t\t<\/div>\n\t\t<\/div>\n\t\t\t\t<div class=\"elementor-column elementor-col-50 elementor-top-column elementor-element elementor-element-0e0828f\" data-id=\"0e0828f\" data-element_type=\"column\">\n\t\t\t<div class=\"elementor-widget-wrap elementor-element-populated\">\n\t\t\t\t\t\t<div class=\"elementor-element elementor-element-2092e6b elementor-widget elementor-widget-image\" data-id=\"2092e6b\" data-element_type=\"widget\" data-widget_type=\"image.default\">\n\t\t\t\t<div class=\"elementor-widget-container\">\n\t\t\t\t\t\t\t\t\t\t\t\t\t\t\t<img loading=\"lazy\" decoding=\"async\" width=\"770\" height=\"359\" src=\"https:\/\/pruebas.fideselectronica.com\/wp-content\/uploads\/2023\/03\/traceability.jpg\" class=\"attachment-large size-large wp-image-2167\" alt=\"\" srcset=\"https:\/\/pruebas.fideselectronica.com\/wp-content\/uploads\/2023\/03\/traceability.jpg 770w, https:\/\/pruebas.fideselectronica.com\/wp-content\/uploads\/2023\/03\/traceability-300x140.jpg 300w, https:\/\/pruebas.fideselectronica.com\/wp-content\/uploads\/2023\/03\/traceability-768x358.jpg 768w\" sizes=\"(max-width: 770px) 100vw, 770px\" \/>\t\t\t\t\t\t\t\t\t\t\t\t\t\t\t<\/div>\n\t\t\t\t<\/div>\n\t\t\t\t<div class=\"elementor-element elementor-element-7fcd092 elementor-widget elementor-widget-heading\" data-id=\"7fcd092\" data-element_type=\"widget\" data-widget_type=\"heading.default\">\n\t\t\t\t<div class=\"elementor-widget-container\">\n\t\t\t\t\t<h2 class=\"elementor-heading-title elementor-size-default\">TRAZABILIDAD <\/h2>\t\t\t\t<\/div>\n\t\t\t\t<\/div>\n\t\t\t\t<div class=\"elementor-element elementor-element-6780d27 elementor-widget elementor-widget-text-editor\" data-id=\"6780d27\" data-element_type=\"widget\" data-widget_type=\"text-editor.default\">\n\t\t\t\t<div class=\"elementor-widget-container\">\n\t\t\t\t\t\t\t\t\t<p>La trazabilidad automatizada de todos los materiales y procesos nos permite identificar fallos y eliminar sus causas de forma sistem\u00e1tica. Implementamos un c\u00f3digo QR en nuestros productos y utilizamos un software espec\u00edfico para recopilar y almacenar todos los datos relevantes.<\/p>\t\t\t\t\t\t\t\t<\/div>\n\t\t\t\t<\/div>\n\t\t\t\t\t<\/div>\n\t\t<\/div>\n\t\t\t\t\t<\/div>\n\t\t<\/section>\n\t\t\t\t<\/div>","protected":false},"excerpt":{"rendered":"<p>\/ MANUFACTURING PCB ASSEMBLY We are experts in assembling electronics. Equipped with the best production technology, our lines produce more than 500K electronic products per year. POTTING OF ELECTRONICS \/ CONFORMAL COATING The selective conformal coating line of printed circuit boards is an important part of our technology portfolio and allow us to offer a [&hellip;]<\/p>","protected":false},"author":1,"featured_media":0,"parent":0,"menu_order":0,"comment_status":"closed","ping_status":"closed","template":"elementor_header_footer","meta":{"content-type":"","site-sidebar-layout":"no-sidebar","site-content-layout":"page-builder","ast-site-content-layout":"","site-content-style":"default","site-sidebar-style":"default","ast-global-header-display":"","ast-banner-title-visibility":"","ast-main-header-display":"","ast-hfb-above-header-display":"","ast-hfb-below-header-display":"","ast-hfb-mobile-header-display":"","site-post-title":"disabled","ast-breadcrumbs-content":"","ast-featured-img":"disabled","footer-sml-layout":"","theme-transparent-header-meta":"default","adv-header-id-meta":"","stick-header-meta":"","header-above-stick-meta":"","header-main-stick-meta":"","header-below-stick-meta":"","astra-migrate-meta-layouts":"default","ast-page-background-enabled":"default","ast-page-background-meta":{"desktop":{"background-color":"var(--ast-global-color-4)","background-image":"","background-repeat":"repeat","background-position":"center center","background-size":"auto","background-attachment":"scroll","background-type":"","background-media":"","overlay-type":"","overlay-color":"","overlay-opacity":"","overlay-gradient":""},"tablet":{"background-color":"","background-image":"","background-repeat":"repeat","background-position":"center center","background-size":"auto","background-attachment":"scroll","background-type":"","background-media":"","overlay-type":"","overlay-color":"","overlay-opacity":"","overlay-gradient":""},"mobile":{"background-color":"","background-image":"","background-repeat":"repeat","background-position":"center center","background-size":"auto","background-attachment":"scroll","background-type":"","background-media":"","overlay-type":"","overlay-color":"","overlay-opacity":"","overlay-gradient":""}},"ast-content-background-meta":{"desktop":{"background-color":"var(--ast-global-color-5)","background-image":"","background-repeat":"repeat","background-position":"center center","background-size":"auto","background-attachment":"scroll","background-type":"","background-media":"","overlay-type":"","overlay-color":"","overlay-opacity":"","overlay-gradient":""},"tablet":{"background-color":"var(--ast-global-color-5)","background-image":"","background-repeat":"repeat","background-position":"center center","background-size":"auto","background-attachment":"scroll","background-type":"","background-media":"","overlay-type":"","overlay-color":"","overlay-opacity":"","overlay-gradient":""},"mobile":{"background-color":"var(--ast-global-color-5)","background-image":"","background-repeat":"repeat","background-position":"center center","background-size":"auto","background-attachment":"scroll","background-type":"","background-media":"","overlay-type":"","overlay-color":"","overlay-opacity":"","overlay-gradient":""}},"_joinchat":[],"footnotes":""},"class_list":["post-845","page","type-page","status-publish","hentry"],"yoast_head":"<!-- This site is optimized with the Yoast SEO plugin v24.6 - https:\/\/yoast.com\/wordpress\/plugins\/seo\/ -->\n<title>MANUFACTURING - Fides Electronica<\/title>\n<meta name=\"description\" content=\"Automated traceability of all materials and processes allow us to identify faults for our customers and systematically eliminate their causes. A QR code is implemented in our products and a specific software is employed to get and store the data. linux embedded\" \/>\n<meta name=\"robots\" content=\"noindex, follow, max-snippet:-1, max-image-preview:large, max-video-preview:-1\" \/>\n<meta property=\"og:locale\" content=\"es_ES\" \/>\n<meta property=\"og:type\" content=\"article\" \/>\n<meta property=\"og:title\" content=\"MANUFACTURING - Fides Electronica\" \/>\n<meta property=\"og:description\" content=\"Automated traceability of all materials and processes allow us to identify faults for our customers and systematically eliminate their causes. A QR code is implemented in our products and a specific software is employed to get and store the data. linux embedded\" \/>\n<meta property=\"og:url\" content=\"https:\/\/pruebas.fideselectronica.com\/es\/fabricacion\/\" \/>\n<meta property=\"og:site_name\" content=\"Fides Electronica\" \/>\n<meta property=\"article:modified_time\" content=\"2023-10-17T00:08:45+00:00\" \/>\n<meta property=\"og:image\" content=\"https:\/\/pruebas.fideselectronica.com\/wp-content\/uploads\/2023\/03\/PC-ASSEMBLY.jpg\" \/>\n<meta name=\"twitter:card\" content=\"summary_large_image\" \/>\n<meta name=\"twitter:label1\" content=\"Tiempo de lectura\" \/>\n\t<meta name=\"twitter:data1\" content=\"2 minutos\" \/>\n<script type=\"application\/ld+json\" class=\"yoast-schema-graph\">{\"@context\":\"https:\/\/schema.org\",\"@graph\":[{\"@type\":\"WebPage\",\"@id\":\"https:\/\/pruebas.fideselectronica.com\/manufacturing\/\",\"url\":\"https:\/\/pruebas.fideselectronica.com\/manufacturing\/\",\"name\":\"MANUFACTURING - Fides Electronica\",\"isPartOf\":{\"@id\":\"https:\/\/pruebas.fideselectronica.com\/#website\"},\"primaryImageOfPage\":{\"@id\":\"https:\/\/pruebas.fideselectronica.com\/manufacturing\/#primaryimage\"},\"image\":{\"@id\":\"https:\/\/pruebas.fideselectronica.com\/manufacturing\/#primaryimage\"},\"thumbnailUrl\":\"https:\/\/pruebas.fideselectronica.com\/wp-content\/uploads\/2023\/03\/PC-ASSEMBLY.jpg\",\"datePublished\":\"2022-11-04T02:38:33+00:00\",\"dateModified\":\"2023-10-17T00:08:45+00:00\",\"description\":\"Automated traceability of all materials and processes allow us to identify faults for our customers and systematically eliminate their causes. A QR code is implemented in our products and a specific software is employed to get and store the data. linux embedded\",\"breadcrumb\":{\"@id\":\"https:\/\/pruebas.fideselectronica.com\/manufacturing\/#breadcrumb\"},\"inLanguage\":\"es\",\"potentialAction\":[{\"@type\":\"ReadAction\",\"target\":[\"https:\/\/pruebas.fideselectronica.com\/manufacturing\/\"]}]},{\"@type\":\"ImageObject\",\"inLanguage\":\"es\",\"@id\":\"https:\/\/pruebas.fideselectronica.com\/manufacturing\/#primaryimage\",\"url\":\"https:\/\/pruebas.fideselectronica.com\/wp-content\/uploads\/2023\/03\/PC-ASSEMBLY.jpg\",\"contentUrl\":\"https:\/\/pruebas.fideselectronica.com\/wp-content\/uploads\/2023\/03\/PC-ASSEMBLY.jpg\"},{\"@type\":\"BreadcrumbList\",\"@id\":\"https:\/\/pruebas.fideselectronica.com\/manufacturing\/#breadcrumb\",\"itemListElement\":[{\"@type\":\"ListItem\",\"position\":1,\"name\":\"Home\",\"item\":\"https:\/\/pruebas.fideselectronica.com\/\"},{\"@type\":\"ListItem\",\"position\":2,\"name\":\"MANUFACTURING\"}]},{\"@type\":\"WebSite\",\"@id\":\"https:\/\/pruebas.fideselectronica.com\/#website\",\"url\":\"https:\/\/pruebas.fideselectronica.com\/\",\"name\":\"Fides Electronica\",\"description\":\"\",\"publisher\":{\"@id\":\"https:\/\/pruebas.fideselectronica.com\/#organization\"},\"potentialAction\":[{\"@type\":\"SearchAction\",\"target\":{\"@type\":\"EntryPoint\",\"urlTemplate\":\"https:\/\/pruebas.fideselectronica.com\/?s={search_term_string}\"},\"query-input\":{\"@type\":\"PropertyValueSpecification\",\"valueRequired\":true,\"valueName\":\"search_term_string\"}}],\"inLanguage\":\"es\"},{\"@type\":\"Organization\",\"@id\":\"https:\/\/pruebas.fideselectronica.com\/#organization\",\"name\":\"Fides Electronica\",\"url\":\"https:\/\/pruebas.fideselectronica.com\/\",\"logo\":{\"@type\":\"ImageObject\",\"inLanguage\":\"es\",\"@id\":\"https:\/\/pruebas.fideselectronica.com\/#\/schema\/logo\/image\/\",\"url\":\"https:\/\/pruebas.fideselectronica.com\/wp-content\/uploads\/2022\/09\/logo-color.png\",\"contentUrl\":\"https:\/\/pruebas.fideselectronica.com\/wp-content\/uploads\/2022\/09\/logo-color.png\",\"width\":167,\"height\":52,\"caption\":\"Fides Electronica\"},\"image\":{\"@id\":\"https:\/\/pruebas.fideselectronica.com\/#\/schema\/logo\/image\/\"}}]}<\/script>\n<!-- \/ Yoast SEO plugin. -->","yoast_head_json":{"title":"MANUFACTURING - Fides Electronica","description":"Automated traceability of all materials and processes allow us to identify faults for our customers and systematically eliminate their causes. A QR code is implemented in our products and a specific software is employed to get and store the data. linux embedded","robots":{"index":"noindex","follow":"follow","max-snippet":"max-snippet:-1","max-image-preview":"max-image-preview:large","max-video-preview":"max-video-preview:-1"},"og_locale":"es_ES","og_type":"article","og_title":"MANUFACTURING - Fides Electronica","og_description":"Automated traceability of all materials and processes allow us to identify faults for our customers and systematically eliminate their causes. A QR code is implemented in our products and a specific software is employed to get and store the data. linux embedded","og_url":"https:\/\/pruebas.fideselectronica.com\/es\/fabricacion\/","og_site_name":"Fides Electronica","article_modified_time":"2023-10-17T00:08:45+00:00","og_image":[{"url":"https:\/\/pruebas.fideselectronica.com\/wp-content\/uploads\/2023\/03\/PC-ASSEMBLY.jpg","type":"","width":"","height":""}],"twitter_card":"summary_large_image","twitter_misc":{"Tiempo de lectura":"2 minutos"},"schema":{"@context":"https:\/\/schema.org","@graph":[{"@type":"WebPage","@id":"https:\/\/pruebas.fideselectronica.com\/manufacturing\/","url":"https:\/\/pruebas.fideselectronica.com\/manufacturing\/","name":"MANUFACTURING - Fides Electronica","isPartOf":{"@id":"https:\/\/pruebas.fideselectronica.com\/#website"},"primaryImageOfPage":{"@id":"https:\/\/pruebas.fideselectronica.com\/manufacturing\/#primaryimage"},"image":{"@id":"https:\/\/pruebas.fideselectronica.com\/manufacturing\/#primaryimage"},"thumbnailUrl":"https:\/\/pruebas.fideselectronica.com\/wp-content\/uploads\/2023\/03\/PC-ASSEMBLY.jpg","datePublished":"2022-11-04T02:38:33+00:00","dateModified":"2023-10-17T00:08:45+00:00","description":"Automated traceability of all materials and processes allow us to identify faults for our customers and systematically eliminate their causes. A QR code is implemented in our products and a specific software is employed to get and store the data. linux embedded","breadcrumb":{"@id":"https:\/\/pruebas.fideselectronica.com\/manufacturing\/#breadcrumb"},"inLanguage":"es","potentialAction":[{"@type":"ReadAction","target":["https:\/\/pruebas.fideselectronica.com\/manufacturing\/"]}]},{"@type":"ImageObject","inLanguage":"es","@id":"https:\/\/pruebas.fideselectronica.com\/manufacturing\/#primaryimage","url":"https:\/\/pruebas.fideselectronica.com\/wp-content\/uploads\/2023\/03\/PC-ASSEMBLY.jpg","contentUrl":"https:\/\/pruebas.fideselectronica.com\/wp-content\/uploads\/2023\/03\/PC-ASSEMBLY.jpg"},{"@type":"BreadcrumbList","@id":"https:\/\/pruebas.fideselectronica.com\/manufacturing\/#breadcrumb","itemListElement":[{"@type":"ListItem","position":1,"name":"Home","item":"https:\/\/pruebas.fideselectronica.com\/"},{"@type":"ListItem","position":2,"name":"MANUFACTURING"}]},{"@type":"WebSite","@id":"https:\/\/pruebas.fideselectronica.com\/#website","url":"https:\/\/pruebas.fideselectronica.com\/","name":"Fides Electronica","description":"","publisher":{"@id":"https:\/\/pruebas.fideselectronica.com\/#organization"},"potentialAction":[{"@type":"SearchAction","target":{"@type":"EntryPoint","urlTemplate":"https:\/\/pruebas.fideselectronica.com\/?s={search_term_string}"},"query-input":{"@type":"PropertyValueSpecification","valueRequired":true,"valueName":"search_term_string"}}],"inLanguage":"es"},{"@type":"Organization","@id":"https:\/\/pruebas.fideselectronica.com\/#organization","name":"Fides Electronica","url":"https:\/\/pruebas.fideselectronica.com\/","logo":{"@type":"ImageObject","inLanguage":"es","@id":"https:\/\/pruebas.fideselectronica.com\/#\/schema\/logo\/image\/","url":"https:\/\/pruebas.fideselectronica.com\/wp-content\/uploads\/2022\/09\/logo-color.png","contentUrl":"https:\/\/pruebas.fideselectronica.com\/wp-content\/uploads\/2022\/09\/logo-color.png","width":167,"height":52,"caption":"Fides Electronica"},"image":{"@id":"https:\/\/pruebas.fideselectronica.com\/#\/schema\/logo\/image\/"}}]}},"_links":{"self":[{"href":"https:\/\/pruebas.fideselectronica.com\/es\/wp-json\/wp\/v2\/pages\/845","targetHints":{"allow":["GET"]}}],"collection":[{"href":"https:\/\/pruebas.fideselectronica.com\/es\/wp-json\/wp\/v2\/pages"}],"about":[{"href":"https:\/\/pruebas.fideselectronica.com\/es\/wp-json\/wp\/v2\/types\/page"}],"author":[{"embeddable":true,"href":"https:\/\/pruebas.fideselectronica.com\/es\/wp-json\/wp\/v2\/users\/1"}],"replies":[{"embeddable":true,"href":"https:\/\/pruebas.fideselectronica.com\/es\/wp-json\/wp\/v2\/comments?post=845"}],"version-history":[{"count":29,"href":"https:\/\/pruebas.fideselectronica.com\/es\/wp-json\/wp\/v2\/pages\/845\/revisions"}],"predecessor-version":[{"id":2448,"href":"https:\/\/pruebas.fideselectronica.com\/es\/wp-json\/wp\/v2\/pages\/845\/revisions\/2448"}],"wp:attachment":[{"href":"https:\/\/pruebas.fideselectronica.com\/es\/wp-json\/wp\/v2\/media?parent=845"}],"curies":[{"name":"wp","href":"https:\/\/api.w.org\/{rel}","templated":true}]}}